{"id":8,"date":"2016-10-22T13:54:11","date_gmt":"2016-10-22T13:54:11","guid":{"rendered":"https:\/\/www.heattec.nl\/de\/?page_id=8"},"modified":"2023-10-03T13:51:54","modified_gmt":"2023-10-03T13:51:54","slug":"brennertechnik","status":"publish","type":"page","link":"https:\/\/www.heattec.nl\/de\/brennertechnik\/","title":{"rendered":"Verbrennungstechnik"},"content":{"rendered":"<div id=\"pl-8\"  class=\"panel-layout\" ><div id=\"pg-8-0\"  class=\"panel-grid panel-has-style\" ><div class=\"panel-row-style panel-row-style-for-8-0\" ><div id=\"pgc-8-0-0\"  class=\"panel-grid-cell\" ><div id=\"panel-8-0-0-0\" class=\"so-panel widget widget_sow-editor panel-first-child panel-last-child\" data-index=\"0\" ><div class=\"panel-widget-style panel-widget-style-for-8-0-0-0\" ><div\n\t\t\t\n\t\t\tclass=\"so-widget-sow-editor so-widget-sow-editor-base\"\n\t\t\t\n\t\t>\n<div class=\"siteorigin-widget-tinymce textwidget\">\n\t<div id=\"pl-613\">\n<div id=\"pg-613-0\" class=\"panel-grid\">\n<div id=\"pgc-613-0-0\" class=\"panel-grid-cell\">\n<div id=\"panel-613-0-0-0\" class=\"so-panel widget widget_sow-editor panel-first-child panel-last-child\" data-index=\"0\">\n<div class=\"so-widget-sow-editor so-widget-sow-editor-base\">\n<div class=\"siteorigin-widget-tinymce textwidget\">\n<p>Heattec ist auch einem Spezialist im Verbrennungstechnik, wir entwickeln, Lieferern und Herstellen energiesparender Industriebrenner Systemen. Wir vertreten die schwedische Brennermarke <a href=\"http:\/\/www.bentone.com\/en\/\" target=\"_blank\" rel=\"noopener\">Bentone<\/a>\u00a0 auf dem deutschen und dem Benelux-Markt. <a href=\"http:\/\/www.bentone.com\/en\/\" target=\"_blank\" rel=\"noopener\">Bentone<\/a> Herstellt \u00fcber 60 Jahre \u00d6l- und Gasbrenner.<\/p>\n<\/div>\n<p>Von Ende 2019 bis Anfang 2020 haben wir eine komplett neue Low-NOx-Linie von den Gebl\u00e4sebrennertypen BG300 LN bis BG700 LN von Bentone eingef\u00fchrt. Diese Brenner erf\u00fcllen den aktuellen Standard und die Emissionen sind jetzt noch niedriger als die aktuellen Vorschriften. Im Jahr 2022 wurde eine neue Produktlinie von Industriegasbrennern nach NEN-EN 746-2 eingef\u00fchrt, die f\u00fcr Biogas, Erdgas, Fl\u00fcssiggas und Wasserstoff geeignet sind, ohne gastechnische \u00c4nderungen und in voller \u00dcbereinstimmung mit den Vorschriften.<\/p>\n<\/div>\n<\/div>\n<\/div>\n<\/div>\n<\/div>\n<\/div>\n<\/div><\/div><\/div><\/div><div id=\"pgc-8-0-1\"  class=\"panel-grid-cell\" ><div id=\"panel-8-0-1-0\" class=\"so-panel widget widget_sow-slider panel-first-child panel-last-child\" data-index=\"1\" ><div\n\t\t\t\n\t\t\tclass=\"so-widget-sow-slider so-widget-sow-slider-default-6d39609536fd-8\"\n\t\t\t\n\t\t>\t\t\t\t<div class=\"sow-slider-base\" style=\"display: none\" tabindex=\"0\">\n\t\t\t\t\t<ul\n\t\t\t\t\tclass=\"sow-slider-images\"\n\t\t\t\t\tdata-settings=\"{&quot;pagination&quot;:true,&quot;speed&quot;:800,&quot;timeout&quot;:8000,&quot;paused&quot;:false,&quot;pause_on_hover&quot;:false,&quot;swipe&quot;:true,&quot;nav_always_show_desktop&quot;:&quot;&quot;,&quot;nav_always_show_mobile&quot;:&quot;&quot;,&quot;breakpoint&quot;:&quot;780px&quot;,&quot;unmute&quot;:false,&quot;anchor&quot;:null}\"\n\t\t\t\t\t\t\t\t\t\tdata-anchor-id=\"\"\n\t\t\t\t>\t\t<li class=\"sow-slider-image\" style=\"visibility: visible;\" >\n\t\t\t\t\t\t<img loading=\"lazy\" decoding=\"async\" width=\"1561\" height=\"2205\" src=\"https:\/\/www.heattec.nl\/de\/wp-content\/uploads\/sites\/3\/2023\/01\/bakoven-bentone-heattec.jpg\" class=\"sow-slider-background-image\" alt=\"Backofen Bentone Heattec\" style=\"\" srcset=\"https:\/\/www.heattec.nl\/de\/wp-content\/uploads\/sites\/3\/2023\/01\/bakoven-bentone-heattec.jpg 1561w, https:\/\/www.heattec.nl\/de\/wp-content\/uploads\/sites\/3\/2023\/01\/bakoven-bentone-heattec-212x300.jpg 212w, https:\/\/www.heattec.nl\/de\/wp-content\/uploads\/sites\/3\/2023\/01\/bakoven-bentone-heattec-725x1024.jpg 725w, https:\/\/www.heattec.nl\/de\/wp-content\/uploads\/sites\/3\/2023\/01\/bakoven-bentone-heattec-768x1085.jpg 768w, https:\/\/www.heattec.nl\/de\/wp-content\/uploads\/sites\/3\/2023\/01\/bakoven-bentone-heattec-1087x1536.jpg 1087w, https:\/\/www.heattec.nl\/de\/wp-content\/uploads\/sites\/3\/2023\/01\/bakoven-bentone-heattec-1450x2048.jpg 1450w\" sizes=\"auto, (max-width: 1561px) 100vw, 1561px\" \/>\t\t<\/li>\n\t\t<\/ul>\t\t\t\t<ol class=\"sow-slider-pagination\">\n\t\t\t\t\t\t\t\t\t\t\t<li><a href=\"#\" data-goto=\"0\" aria-label=\"Display slide 1\"><\/a><\/li>\n\t\t\t\t\t\t\t\t\t<\/ol>\n\n\t\t\t\t<div class=\"sow-slide-nav sow-slide-nav-next\">\n\t\t\t\t\t<a href=\"#\" data-goto=\"next\" aria-label=\"Next slide\" data-action=\"next\">\n\t\t\t\t\t\t<em class=\"sow-sld-icon-thin-right\"><\/em>\n\t\t\t\t\t<\/a>\n\t\t\t\t<\/div>\n\n\t\t\t\t<div class=\"sow-slide-nav sow-slide-nav-prev\">\n\t\t\t\t\t<a href=\"#\" data-goto=\"previous\" aria-label=\"Previous slide\" data-action=\"prev\">\n\t\t\t\t\t\t<em class=\"sow-sld-icon-thin-left\"><\/em>\n\t\t\t\t\t<\/a>\n\t\t\t\t<\/div>\n\t\t\t\t<\/div><\/div><\/div><\/div><\/div><\/div><div id=\"pg-8-1\"  class=\"panel-grid panel-no-style\" ><div id=\"pgc-8-1-0\"  class=\"panel-grid-cell panel-grid-cell-empty\" ><\/div><div id=\"pgc-8-1-1\"  class=\"panel-grid-cell panel-grid-cell-mobile-last\" ><div id=\"panel-8-1-1-0\" class=\"so-panel widget widget_sow-slider panel-first-child panel-last-child\" data-index=\"2\" ><div\n\t\t\t\n\t\t\tclass=\"so-widget-sow-slider so-widget-sow-slider-default-6d39609536fd-8\"\n\t\t\t\n\t\t>\t\t\t\t<div class=\"sow-slider-base\" style=\"display: none\" tabindex=\"0\">\n\t\t\t\t\t<ul\n\t\t\t\t\tclass=\"sow-slider-images\"\n\t\t\t\t\tdata-settings=\"{&quot;pagination&quot;:true,&quot;speed&quot;:800,&quot;timeout&quot;:3000,&quot;paused&quot;:false,&quot;pause_on_hover&quot;:false,&quot;swipe&quot;:true,&quot;nav_always_show_desktop&quot;:&quot;&quot;,&quot;nav_always_show_mobile&quot;:&quot;&quot;,&quot;breakpoint&quot;:&quot;780px&quot;,&quot;unmute&quot;:false,&quot;anchor&quot;:null}\"\n\t\t\t\t\t\t\t\t\t\tdata-anchor-id=\"\"\n\t\t\t\t>\t\t<li class=\"sow-slider-image\" style=\"visibility: visible;\" >\n\t\t\t\t\t\t<div class=\"sow-slider-image-container\">\n\t\t\t\t<div class=\"sow-slider-image-wrapper\" style=\"max-width: 1000px\">\n\t\t\t\t\t\t\t\t\t\t<div class=\"sow-slider-image-foreground-wrapper\">\n\t\t\t\t\t\t<img loading=\"lazy\" decoding=\"async\" width=\"1000\" height=\"1000\" src=\"https:\/\/www.heattec.nl\/de\/wp-content\/uploads\/sites\/3\/2023\/01\/bentone-bg-800m-gas-burner-heattec.jpg\" class=\"sow-slider-foreground-image\" alt=\"Bentone BG800M\" style=\"\" srcset=\"https:\/\/www.heattec.nl\/de\/wp-content\/uploads\/sites\/3\/2023\/01\/bentone-bg-800m-gas-burner-heattec.jpg 1000w, https:\/\/www.heattec.nl\/de\/wp-content\/uploads\/sites\/3\/2023\/01\/bentone-bg-800m-gas-burner-heattec-300x300.jpg 300w, https:\/\/www.heattec.nl\/de\/wp-content\/uploads\/sites\/3\/2023\/01\/bentone-bg-800m-gas-burner-heattec-150x150.jpg 150w, https:\/\/www.heattec.nl\/de\/wp-content\/uploads\/sites\/3\/2023\/01\/bentone-bg-800m-gas-burner-heattec-768x768.jpg 768w, https:\/\/www.heattec.nl\/de\/wp-content\/uploads\/sites\/3\/2023\/01\/bentone-bg-800m-gas-burner-heattec-24x24.jpg 24w, https:\/\/www.heattec.nl\/de\/wp-content\/uploads\/sites\/3\/2023\/01\/bentone-bg-800m-gas-burner-heattec-48x48.jpg 48w, https:\/\/www.heattec.nl\/de\/wp-content\/uploads\/sites\/3\/2023\/01\/bentone-bg-800m-gas-burner-heattec-96x96.jpg 96w\" sizes=\"auto, (max-width: 1000px) 100vw, 1000px\" \/>\t\t\t\t\t<\/div>\n\t\t\t\t\t\t\t\t\t<\/div>\n\t\t\t<\/div>\n\t\t\t\t\t<\/li>\n\t\t\t\t<li class=\"sow-slider-image\" style=\"visibility: hidden;\" >\n\t\t\t\t\t\t<div class=\"sow-slider-image-container\">\n\t\t\t\t<div class=\"sow-slider-image-wrapper\" style=\"max-width: 1000px\">\n\t\t\t\t\t\t\t\t\t\t<div class=\"sow-slider-image-foreground-wrapper\">\n\t\t\t\t\t\t<img loading=\"lazy\" decoding=\"async\" width=\"1000\" height=\"1000\" src=\"https:\/\/www.heattec.nl\/de\/wp-content\/uploads\/sites\/3\/2023\/01\/bentone-bf-1-oil-burner-heattec.jpg\" class=\"sow-slider-foreground-image\" alt=\"Bentone BF1 Oil burner\" style=\"\" srcset=\"https:\/\/www.heattec.nl\/de\/wp-content\/uploads\/sites\/3\/2023\/01\/bentone-bf-1-oil-burner-heattec.jpg 1000w, https:\/\/www.heattec.nl\/de\/wp-content\/uploads\/sites\/3\/2023\/01\/bentone-bf-1-oil-burner-heattec-300x300.jpg 300w, https:\/\/www.heattec.nl\/de\/wp-content\/uploads\/sites\/3\/2023\/01\/bentone-bf-1-oil-burner-heattec-150x150.jpg 150w, https:\/\/www.heattec.nl\/de\/wp-content\/uploads\/sites\/3\/2023\/01\/bentone-bf-1-oil-burner-heattec-768x768.jpg 768w, https:\/\/www.heattec.nl\/de\/wp-content\/uploads\/sites\/3\/2023\/01\/bentone-bf-1-oil-burner-heattec-24x24.jpg 24w, https:\/\/www.heattec.nl\/de\/wp-content\/uploads\/sites\/3\/2023\/01\/bentone-bf-1-oil-burner-heattec-48x48.jpg 48w, https:\/\/www.heattec.nl\/de\/wp-content\/uploads\/sites\/3\/2023\/01\/bentone-bf-1-oil-burner-heattec-96x96.jpg 96w\" sizes=\"auto, (max-width: 1000px) 100vw, 1000px\" \/>\t\t\t\t\t<\/div>\n\t\t\t\t\t\t\t\t\t<\/div>\n\t\t\t<\/div>\n\t\t\t\t\t<\/li>\n\t\t\t\t<li class=\"sow-slider-image\" style=\"visibility: hidden;\" >\n\t\t\t\t\t\t<div class=\"sow-slider-image-container\">\n\t\t\t\t<div class=\"sow-slider-image-wrapper\" style=\"max-width: 1000px\">\n\t\t\t\t\t\t\t\t\t\t<div class=\"sow-slider-image-foreground-wrapper\">\n\t\t\t\t\t\t<img loading=\"lazy\" decoding=\"async\" width=\"1000\" height=\"1000\" src=\"https:\/\/www.heattec.nl\/de\/wp-content\/uploads\/sites\/3\/2023\/01\/bentone-stg-146-gas-burner-heattec.jpg\" class=\"sow-slider-foreground-image\" alt=\"Bentone STG 148 Gas Burner\" style=\"\" srcset=\"https:\/\/www.heattec.nl\/de\/wp-content\/uploads\/sites\/3\/2023\/01\/bentone-stg-146-gas-burner-heattec.jpg 1000w, https:\/\/www.heattec.nl\/de\/wp-content\/uploads\/sites\/3\/2023\/01\/bentone-stg-146-gas-burner-heattec-300x300.jpg 300w, https:\/\/www.heattec.nl\/de\/wp-content\/uploads\/sites\/3\/2023\/01\/bentone-stg-146-gas-burner-heattec-150x150.jpg 150w, https:\/\/www.heattec.nl\/de\/wp-content\/uploads\/sites\/3\/2023\/01\/bentone-stg-146-gas-burner-heattec-768x768.jpg 768w, https:\/\/www.heattec.nl\/de\/wp-content\/uploads\/sites\/3\/2023\/01\/bentone-stg-146-gas-burner-heattec-24x24.jpg 24w, https:\/\/www.heattec.nl\/de\/wp-content\/uploads\/sites\/3\/2023\/01\/bentone-stg-146-gas-burner-heattec-48x48.jpg 48w, https:\/\/www.heattec.nl\/de\/wp-content\/uploads\/sites\/3\/2023\/01\/bentone-stg-146-gas-burner-heattec-96x96.jpg 96w\" sizes=\"auto, (max-width: 1000px) 100vw, 1000px\" \/>\t\t\t\t\t<\/div>\n\t\t\t\t\t\t\t\t\t<\/div>\n\t\t\t<\/div>\n\t\t\t\t\t<\/li>\n\t\t\t\t<li class=\"sow-slider-image\" style=\"visibility: hidden;\" >\n\t\t\t\t\t\t<div class=\"sow-slider-image-container\">\n\t\t\t\t<div class=\"sow-slider-image-wrapper\" style=\"max-width: 1000px\">\n\t\t\t\t\t\t\t\t\t\t<div class=\"sow-slider-image-foreground-wrapper\">\n\t\t\t\t\t\t<img loading=\"lazy\" decoding=\"async\" width=\"1000\" height=\"1000\" src=\"https:\/\/www.heattec.nl\/de\/wp-content\/uploads\/sites\/3\/2023\/01\/bentone-mf-b40-multi-fuel-oil.jpg\" class=\"sow-slider-foreground-image\" alt=\"Bentone B40 MF multi-fuel oil\" style=\"\" srcset=\"https:\/\/www.heattec.nl\/de\/wp-content\/uploads\/sites\/3\/2023\/01\/bentone-mf-b40-multi-fuel-oil.jpg 1000w, https:\/\/www.heattec.nl\/de\/wp-content\/uploads\/sites\/3\/2023\/01\/bentone-mf-b40-multi-fuel-oil-300x300.jpg 300w, https:\/\/www.heattec.nl\/de\/wp-content\/uploads\/sites\/3\/2023\/01\/bentone-mf-b40-multi-fuel-oil-150x150.jpg 150w, https:\/\/www.heattec.nl\/de\/wp-content\/uploads\/sites\/3\/2023\/01\/bentone-mf-b40-multi-fuel-oil-768x768.jpg 768w, https:\/\/www.heattec.nl\/de\/wp-content\/uploads\/sites\/3\/2023\/01\/bentone-mf-b40-multi-fuel-oil-24x24.jpg 24w, https:\/\/www.heattec.nl\/de\/wp-content\/uploads\/sites\/3\/2023\/01\/bentone-mf-b40-multi-fuel-oil-48x48.jpg 48w, https:\/\/www.heattec.nl\/de\/wp-content\/uploads\/sites\/3\/2023\/01\/bentone-mf-b40-multi-fuel-oil-96x96.jpg 96w\" sizes=\"auto, (max-width: 1000px) 100vw, 1000px\" \/>\t\t\t\t\t<\/div>\n\t\t\t\t\t\t\t\t\t<\/div>\n\t\t\t<\/div>\n\t\t\t\t\t<\/li>\n\t\t<\/ul>\t\t\t\t<ol class=\"sow-slider-pagination\">\n\t\t\t\t\t\t\t\t\t\t\t<li><a href=\"#\" data-goto=\"0\" aria-label=\"Display slide 1\"><\/a><\/li>\n\t\t\t\t\t\t\t\t\t\t\t<li><a href=\"#\" data-goto=\"1\" aria-label=\"Display slide 2\"><\/a><\/li>\n\t\t\t\t\t\t\t\t\t\t\t<li><a href=\"#\" data-goto=\"2\" aria-label=\"Display slide 3\"><\/a><\/li>\n\t\t\t\t\t\t\t\t\t\t\t<li><a href=\"#\" data-goto=\"3\" aria-label=\"Display slide 4\"><\/a><\/li>\n\t\t\t\t\t\t\t\t\t<\/ol>\n\n\t\t\t\t<div class=\"sow-slide-nav sow-slide-nav-next\">\n\t\t\t\t\t<a href=\"#\" data-goto=\"next\" aria-label=\"Next slide\" data-action=\"next\">\n\t\t\t\t\t\t<em class=\"sow-sld-icon-thin-right\"><\/em>\n\t\t\t\t\t<\/a>\n\t\t\t\t<\/div>\n\n\t\t\t\t<div class=\"sow-slide-nav sow-slide-nav-prev\">\n\t\t\t\t\t<a href=\"#\" data-goto=\"previous\" aria-label=\"Previous slide\" data-action=\"prev\">\n\t\t\t\t\t\t<em class=\"sow-sld-icon-thin-left\"><\/em>\n\t\t\t\t\t<\/a>\n\t\t\t\t<\/div>\n\t\t\t\t<\/div><\/div><\/div><\/div><div id=\"pgc-8-1-2\"  class=\"panel-grid-cell panel-grid-cell-empty\" ><\/div><\/div><div id=\"pg-8-2\"  class=\"panel-grid panel-has-style\" ><div class=\"panel-row-style panel-row-style-for-8-2\" ><div id=\"pgc-8-2-0\"  class=\"panel-grid-cell\" ><div id=\"panel-8-2-0-0\" class=\"so-panel widget widget_sow-editor panel-first-child\" data-index=\"3\" ><div class=\"panel-widget-style panel-widget-style-for-8-2-0-0\" ><div\n\t\t\t\n\t\t\tclass=\"so-widget-sow-editor so-widget-sow-editor-base\"\n\t\t\t\n\t\t>\n<div class=\"siteorigin-widget-tinymce textwidget\">\n\t<div id=\"pl-613\">\n<div id=\"pg-613-0\" class=\"panel-grid\">\n<div id=\"pgc-613-0-0\" class=\"panel-grid-cell\">\n<div id=\"panel-613-0-0-0\" class=\"so-panel widget widget_sow-editor panel-first-child panel-last-child\" data-index=\"0\">\n<div class=\"so-widget-sow-editor so-widget-sow-editor-base\">\n<div class=\"siteorigin-widget-tinymce textwidget\"><\/div>\n<p>Wir entw\u00fcrfen und liefern auch komplette Gasdruckregel- und Sicherheitsstrecke f\u00fcr Brenneranlagen und Steuerung Schaltkasten, mit perfekt aufeinander abgestimmter Komponenten und laut der Europ\u00e4ische Richtlinien.<\/p>\n<div class=\"siteorigin-widget-tinymce textwidget\">\n<p>Service und Wartung bedarf f\u00fcr den Kunden genie\u00dft bei Heattec h\u00f6chste Priorit\u00e4t. Unsere Serviceleistungen umfassen, trotz Hersteller, Alter oder Kondition, die kompetente Beratung, Projektierung, Planung und Konstruktion, die Inbetriebnahme und Wartung und die Lieferung mit Verschlei\u00df- und Ersatzteilen.<\/p>\n<p>Wenn Sie Fragen haben, <a href=\"https:\/\/www.heattec.nl\/de\/uber-uns\/\">kontaktieren <\/a>Sie uns bitte \u00fcber die Schaltfl\u00e4che unten und wir werden so schnell wie m\u00f6glich antworten.<\/p>\n<\/div>\n<\/div>\n<\/div>\n<\/div>\n<\/div>\n<\/div>\n<\/div>\n<\/div><\/div><\/div><div id=\"panel-8-2-0-1\" class=\"so-panel widget widget_sow-button panel-last-child\" data-index=\"4\" ><div class=\"panel-widget-style panel-widget-style-for-8-2-0-1\" ><div\n\t\t\t\n\t\t\tclass=\"so-widget-sow-button so-widget-sow-button-flat-080f30a927bf-8\"\n\t\t\t\n\t\t><div class=\"ow-button-base ow-button-align-center\"\n>\n\t\t\t<a\n\t\t\t\t\thref=\"https:\/\/www.heattec.nl\/de\/uber-ons\/\"\n\t\t\t\t\tclass=\"sowb-button ow-icon-placement-left\" \t>\n\t\t<span>\n\t\t\t\n\t\t\tKontakt\t\t<\/span>\n\t\t\t<\/a>\n\t<\/div>\n<\/div><\/div><\/div><\/div><\/div><\/div><div id=\"pg-8-3\"  class=\"panel-grid panel-no-style\" ><div id=\"pgc-8-3-0\"  class=\"panel-grid-cell\" ><div id=\"panel-8-3-0-0\" class=\"so-panel widget widget_sow-editor panel-first-child panel-last-child\" data-index=\"5\" ><div class=\"footer-block panel-widget-style panel-widget-style-for-8-3-0-0\" ><div\n\t\t\t\n\t\t\tclass=\"so-widget-sow-editor so-widget-sow-editor-base\"\n\t\t\t\n\t\t>\n<div class=\"siteorigin-widget-tinymce textwidget\">\n\t<h1>Besuchen Sie unsere Web-Shop mit einer Auswahl von Industrie Brenner<\/h1>\n<p><a class=\"call-to-action\" href=\"\/\/www.heattec-webshop.de\/industrial-burners\" target=\"_blank\" rel=\"noopener\"><br \/>\n<button class=\"animate-plus animated fadeIn\" style=\"animation-delay: 0.2s; display: inline-block;\" data-animations=\"fadeIn\" data-animation-when-visible=\"true\" data-animation-delay=\"0.2s\" data-animation-group=\"_1\">GEHEN SIE AUF DIE WEBSEITE<\/button><\/a><\/p>\n<\/div>\n<\/div><\/div><\/div><\/div><\/div><\/div>","protected":false},"excerpt":{"rendered":"<p>Heattec ist auch einem Spezialist im Verbrennungstechnik, wir entwickeln, Lieferern und Herstellen energiesparender Industriebrenner Systemen. Wir vertreten die schwedische Brennermarke Bentone\u00a0 auf dem deutschen und dem Benelux-Markt. Bentone Herstellt \u00fcber 60 Jahre \u00d6l- und Gasbrenner. Von Ende 2019 bis Anfang 2020 haben wir eine komplett neue Low-NOx-Linie von den Gebl\u00e4sebrennertypen [&hellip;]<\/p>\n","protected":false},"author":1,"featured_media":0,"parent":0,"menu_order":0,"comment_status":"closed","ping_status":"closed","template":"page-fullwidth.php","meta":{"_acf_changed":false,"footnotes":""},"class_list":["post-8","page","type-page","status-publish","hentry"],"acf":[],"aioseo_notices":[],"_links":{"self":[{"href":"https:\/\/www.heattec.nl\/de\/wp-json\/wp\/v2\/pages\/8","targetHints":{"allow":["GET"]}}],"collection":[{"href":"https:\/\/www.heattec.nl\/de\/wp-json\/wp\/v2\/pages"}],"about":[{"href":"https:\/\/www.heattec.nl\/de\/wp-json\/wp\/v2\/types\/page"}],"author":[{"embeddable":true,"href":"https:\/\/www.heattec.nl\/de\/wp-json\/wp\/v2\/users\/1"}],"replies":[{"embeddable":true,"href":"https:\/\/www.heattec.nl\/de\/wp-json\/wp\/v2\/comments?post=8"}],"version-history":[{"count":35,"href":"https:\/\/www.heattec.nl\/de\/wp-json\/wp\/v2\/pages\/8\/revisions"}],"predecessor-version":[{"id":2449,"href":"https:\/\/www.heattec.nl\/de\/wp-json\/wp\/v2\/pages\/8\/revisions\/2449"}],"wp:attachment":[{"href":"https:\/\/www.heattec.nl\/de\/wp-json\/wp\/v2\/media?parent=8"}],"curies":[{"name":"wp","href":"https:\/\/api.w.org\/{rel}","templated":true}]}}