{"id":6,"date":"2016-10-22T13:38:15","date_gmt":"2016-10-22T13:38:15","guid":{"rendered":"https:\/\/www.heattec.nl\/de\/?page_id=6"},"modified":"2025-10-18T08:24:02","modified_gmt":"2025-10-18T08:24:02","slug":"home","status":"publish","type":"page","link":"https:\/\/www.heattec.nl\/de\/","title":{"rendered":"Home"},"content":{"rendered":"<div id=\"pl-6\"  class=\"panel-layout\" ><div id=\"pg-6-0\"  class=\"panel-grid panel-no-style\" ><div id=\"pgc-6-0-0\"  class=\"panel-grid-cell\" >\n\n\t\t\n\t\t<section id=\"columns\" class=\"home-columns\"> \n\n\t\t\t\t<div class=\"columns\"> \n                <div class=\"grid grid-pad\">\n                \n\t\t\t\t \n\n            \t\t<div class=\"col-1-4 column animate-plus\" data-animations=\"fadeIn\" data-animation-when-visible=\"true\"> \n\t\t\t\t\t\t\n                        <i class=\"fa fa-industry column-icon\"><\/i>\n\n\t\t\t\t\t\t<h4>Ofenanlagen<\/h4>\n                        \n                        \t\t\t\t\n\n\t\t\t\t\t\t\t<p>Heattec\u00ae ist spezialisiert auf die Analyse, Diagnose und Wartung von Industrieofenanlagen.<\/p>\n\n\t\t\t\t\t\t                        \n                        \n\t\t\t\t\t\t\t<a href=\"https:\/\/www.heattec.nl\/de\/ofenanlagen\/\" class=\"call-to-action\">\n                    \n\t\t\t\t\t\t\tLesen Sie mehr...                    \n                    \t\t<\/a>\n\n\t\t\t\t\t\t\n\t\t\t\t\t<\/div><!-- .fact -->\n\n\t\t\t\t\n\t\t\t\t\n            \t\t<div class=\"col-1-4 column animate-plus\" data-animations=\"fadeIn\" data-animation-when-visible=\"true\" data-animation-delay=\"0.2s\"> \n\t\t\t\t\t\t\n                        <i class=\"fa fa-gear column-icon\"><\/i>\n\n\t\t\t\t\t\t<h4>Service &amp; Wartung<\/h4>\n                        \n                        \t\t\t\t\n\n\t\t\t\t\t\t\t<p>Heattec\u00ae ist einem Spezialist im Wartung und Instandhaltung von Industrieofen und Brennersysteme.<\/p>\n\n\t\t\t\t\t\t                        \n                        \n\t\t\t\t\t\t\t<a href=\"https:\/\/www.heattec.nl\/de\/service-wartung\/\" class=\"call-to-action\">\n                    \n\t\t\t\t\t\t\tLesen Sie mehr...                    \n                    \t\t<\/a>\n\n\t\t\t\t\t\t\n\t\t\t\t\t<\/div><!-- .fact -->\n\n\t\t\t\t\n\t\t\t\t\n            \t\t<div class=\"col-1-4 column animate-plus\" data-animations=\"fadeIn\" data-animation-when-visible=\"true\" data-animation-delay=\"0.4s\"> \n\t\t\t\t\t\t\n                        <i class=\"fa fa-bolt column-icon\"><\/i>\n\n\t\t\t\t\t\t<h4>Elektroheizung<\/h4>\n                        \n                        \t\t\t\t\n\n\t\t\t\t\t\t\t<p>Heattec\u00ae liefert verschiedene technische L\u00f6sungen f\u00fcr Elektroheizung.<\/p>\n\n\t\t\t\t\t\t                        \n                        \n\t\t\t\t\t\t\t<a href=\"https:\/\/www.heattec.nl\/de\/elektroheizung\/\" class=\"call-to-action\">\n                    \n\t\t\t\t\t\t\tLesen Sie mehr...                    \n                    \t\t<\/a>\n\n\t\t\t\t\t\t\n\t\t\t\t\t<\/div><!-- .fact -->\n\n\t\t\t\t\n\t\t\t\t\n            \t\t<div class=\"col-1-4 column animate-plus\" data-animations=\"fadeIn\" data-animation-when-visible=\"true\" data-animation-delay=\"0.4s\"> \n\t\t\t\t\t\t\n                        <i class=\"fa fa-fire column-icon\"><\/i>\n\n\t\t\t\t\t\t<h4>Brennertechnik<\/h4>\n                        \n                        \t\t\t\t\n\n\t\t\t\t\t\t\t<p>Heattec\u00ae ist ein Spezialist in der Entwicklung, Lieferung, Inspektion und Wartung von Brennern und Brennersystemen.<\/p>\n\n\t\t\t\t\t\t                        \n                        \n\t\t\t\t\t\t\t<a href=\"https:\/\/www.heattec.nl\/de\/brennertechnik\/\" class=\"call-to-action\">\n                    \n\t\t\t\t\t\t\tLesen Sie mehr...                    \n                    \t\t<\/a>\n\n\t\t\t\t\t\t\n\t\t\t\t\t<\/div><!-- .fact --> \n\n\t\t\t\t               \t\t\t\t\t\t\t\t\t\t\t\t\t\t\t\t\n\n\t\t\t<\/div>\n            \n            <\/div>\t\t\t\t\t\t\t\n\n\t\t<\/section> \t\t\t\n\n\t<\/div><\/div><div id=\"pg-6-1\"  class=\"panel-grid panel-has-style\" ><div style=\"background-image: url(https:\/\/www.heattec.nl\/wp-content\/uploads\/2016\/09\/burners-call-to-action-bg.jpg); \" class=\"panel-row-style panel-row-style-for-6-1\" ><div id=\"pgc-6-1-0\"  class=\"panel-grid-cell\" ><div id=\"panel-6-1-0-0\" class=\"so-panel widget widget_sow-editor panel-first-child\" data-index=\"1\" ><div class=\"panel-widget-style panel-widget-style-for-6-1-0-0\" ><div\n\t\t\t\n\t\t\tclass=\"so-widget-sow-editor so-widget-sow-editor-base\"\n\t\t\t\n\t\t><h3 class=\"widget-title\">Industriebrenner: Ein umfangreiches Sortiment an Brennern und Brennerteilen<\/h3>\n<div class=\"siteorigin-widget-tinymce textwidget\">\n\t<p>Heattec\u00ae bietet ein umfassendes Sortiment an industriellen Gasbrennern, \u00d6lbrennern, Infrarot-Gasbrennern und Brennerkomponenten. Seit mehr als 20 Jahren vertritt Heattec den schwedischen Hersteller Bentone. Bentone ist ein f\u00fchrender Hersteller auf dem Gebiet der Gebl\u00e4sebrenner. Unsere Produkte werden in der Regel direkt ab Lager zu wettbewerbsf\u00e4higen Preisen geliefert. Wir liefern Brennerserviceteile von renommierten Marken wie Bentone, Danfoss, Siemens, Kromschr\u00f6der und so weiter.<\/p>\n<p>Wenn Sie auf der Suche nach hochwertigen Brennern und Brennerkomponenten sind, laden wir Sie ein, einen Blick in unseren Heattec-Webshop zu werfen. Hier finden Sie ein umfangreiches Sortiment an Produkten, die den Anforderungen der Industrie entsprechen. Unser Webshop bietet Ihnen eine einfache und effiziente M\u00f6glichkeit, Ihre Brenner und Brennerserviceteile zu kaufen.<\/p>\n<\/div>\n<\/div><\/div><\/div><div id=\"panel-6-1-0-1\" class=\"so-panel widget widget_sow-button panel-last-child\" data-index=\"2\" ><div class=\"panel-widget-style panel-widget-style-for-6-1-0-1\" ><div\n\t\t\t\n\t\t\tclass=\"so-widget-sow-button so-widget-sow-button-flat-0cdf3a65982c-6\"\n\t\t\t\n\t\t><div class=\"ow-button-base ow-button-align-center\"\n>\n\t\t\t<a\n\t\t\t\t\thref=\"https:\/\/www.heattec-webshop.com\/industrial-burners\"\n\t\t\t\t\tclass=\"sowb-button ow-icon-placement-left\" target=\"_blank\" rel=\"noopener noreferrer\" \t>\n\t\t<span>\n\t\t\t\n\t\t\tBESUCHEN SIE DEN SHOP\u2026\t\t<\/span>\n\t\t\t<\/a>\n\t<\/div>\n<\/div><\/div><\/div><\/div><\/div><\/div><div id=\"pg-6-2\"  class=\"panel-grid panel-no-style\" ><div id=\"pgc-6-2-0\"  class=\"panel-grid-cell\" ><div id=\"panel-6-2-0-0\" class=\"so-panel widget widget_siteorigin-panels-builder panel-first-child panel-last-child\" data-index=\"3\" ><div class=\"panel-widget-style panel-widget-style-for-6-2-0-0\" ><div id=\"pl-w68f34ea240d99\"  class=\"panel-layout\" ><div id=\"pg-w68f34ea240d99-0\"  class=\"panel-grid panel-no-style\" ><div id=\"pgc-w68f34ea240d99-0-0\"  class=\"panel-grid-cell\" ><div id=\"panel-w68f34ea240d99-0-0-0\" class=\"widget_text so-panel widget widget_custom_html panel-first-child panel-last-child\" data-index=\"0\" ><div class=\"textwidget custom-html-widget\"><script src=\"https:\/\/elfsightcdn.com\/platform.js\" async><\/script>\n<div class=\"elfsight-app-0d97a102-ce6d-4749-b4c2-ae38cbb85fde\" data-elfsight-app-lazy><\/div><\/div><\/div><\/div><div id=\"pgc-w68f34ea240d99-0-1\"  class=\"panel-grid-cell\" ><div id=\"panel-w68f34ea240d99-0-1-0\" class=\"widget_text so-panel widget widget_custom_html panel-first-child panel-last-child\" data-index=\"1\" ><div class=\"widget_text calor-box panel-widget-style panel-widget-style-for-w68f34ea240d99-0-1-0\" ><div class=\"textwidget custom-html-widget\"><div class=\"animate-plus animated fadeIn\" data-animations=\"fadeIn\" data-animation-when-visible=\"true\" data-animation-delay=\"0.5s\" data-animation-group=\"_11\" style=\"animation-delay: 0.5s; display: block;\">\n\t<a href=\"https:\/\/www.calmatechds.com\/de\/\" target=\"_blank\"><img decoding=\"async\" src=\"https:\/\/www.heattec.nl\/de\/wp-content\/uploads\/sites\/3\/2023\/07\/calmatech-logo-web-e1688200136142.png\" alt=\"Calmatech website\" \/><\/a>\n\t<p>Hochwertige Tunneltrockner zum Trocknen von Tinte f\u00fcr den Digitaldruck, Siebdruck und Transferdruck auf Textilien, Glas, Porzellan und Metall.<\/p>\n\t<a href=\"https:\/\/www.calmatechds.com\/de\/\" class=\"call-to-action\" target=\"_blank\" title=\"Calmatech website\">\n\t\t<button class=\"animate-plus animated fadeIn\" data-animations=\"fadeIn\" data-animation-when-visible=\"true\" data-animation-delay=\"0.2s\" data-animation-group=\"_12\" style=\"animation-delay: 0.2s; display: inline-block;\">BESUCHEN SIE DIE WEBSITE\u2026<\/button>\n\t\t<\/a>\n<\/div><\/div><\/div><\/div><\/div><\/div><\/div><\/div><\/div><\/div><\/div><div id=\"pg-6-3\"  class=\"panel-grid panel-has-style\" ><div style=\"background-image: url(https:\/\/www.heattec.nl\/wp-content\/uploads\/2016\/09\/ventilatoren-call-to-action.jpg); \" class=\"panel-row-style panel-row-style-for-6-3\" ><div id=\"pgc-6-3-0\"  class=\"panel-grid-cell\" >\n\t\t<section id=\"home-cta\" class=\"action-area\">\n\n\t\t\t<div class=\"grid grid-pad\">\n            \n            \t<div class=\"col-1-1 animate-plus\" data-animations=\"fadeIn\" data-animation-when-visible=\"true\" data-animation-delay=\"0.5s\">\n\n\t\t\t\t<h3 class=\"widget-title\">Heattec\u00ae Ventilatoren<\/h3>\n\t\t\t\t\t\t\t\t\n\n\t\t\t\t\t\t<p>F\u00fcr eine breite Palette von Industrie-Ventilatoren k\u00f6nnen unsere Heattec\u00ae Ventilatoren Shop besuchen.<\/p>\n\n\t\t\t\t\n\t\t\t\t\n                \n                <\/div> \n\n\t\t\t<\/div>\t\n            \n            \n\t\t\t\t\t<a href=\"https:\/\/www.heattec-webshop.de\/industrial-fans\" class=\"call-to-action\">\n                    \n\t\t\t\t\t\t<button class=\"animate-plus\" data-animations=\"fadeIn\" data-animation-when-visible=\"true\" data-animation-delay=\"0.2s\">BESUCHEN SIE DEN SHOP\u2026<\/button>\n                    \n                    <\/a>\n\n\t\t\t\t\n            \n            \t\t\t\t\t\t\t\t\t\n\n\t\t<\/section>\t\t\n\n\t<\/div><\/div><\/div><div id=\"pg-6-4\"  class=\"panel-grid panel-no-style\" ><div id=\"pgc-6-4-0\"  class=\"panel-grid-cell\" >\n\t\t<section id=\"home-projects\" class=\"projects\"> \n\n\t\t\t            \n\t\t\t\t<div class=\"grid grid-pad\">\n        \t\t\t<div class=\"col-1-1\">\n\t\t\t\t\t\t<h3 class=\"widget-title\">Unsere Projekte<\/h3>                \t<\/div>\n        \t\t<\/div>\n            \n                        \n            <div class=\"grid grid-pad overflow\">\t\t\n\n\t\t\t\t\t\t\t\t\n\n\t\t\t\t                \n                <div class=\"col-1-3 tri-clear animate-plus\" data-animations=\"fadeIn\" data-animation-when-visible=\"true\" data-animation-delay=\"0.3s\">  \n                \t<div class=\"grid-block fade\">\n                    \t<div class=\"caption\" style=\"display: none;\">\n                        \t<a href=\"https:\/\/www.heattec.nl\/de\/projects\/lieferung-und-inbetriebnahme-eines-bentone-pro-450-im-gasbrenners\/\"><i class=\"fa fa-plus\"><\/i><\/a>\n                        <\/div>\n                \t\t<img loading=\"lazy\" decoding=\"async\" width=\"640\" height=\"374\" src=\"https:\/\/www.heattec.nl\/de\/wp-content\/uploads\/sites\/3\/2025\/09\/levering-en-inbedrijfstelling-van-een-bentone-pro450-im-gasbrander-00.jpg\" class=\"project-img wp-post-image\" alt=\"\" srcset=\"https:\/\/www.heattec.nl\/de\/wp-content\/uploads\/sites\/3\/2025\/09\/levering-en-inbedrijfstelling-van-een-bentone-pro450-im-gasbrander-00.jpg 660w, https:\/\/www.heattec.nl\/de\/wp-content\/uploads\/sites\/3\/2025\/09\/levering-en-inbedrijfstelling-van-een-bentone-pro450-im-gasbrander-00-300x175.jpg 300w\" sizes=\"auto, (max-width: 640px) 100vw, 640px\" \/>\n    <h4 class=\"project-title\">\n        <a href=\"https:\/\/www.heattec.nl\/de\/projects\/lieferung-und-inbetriebnahme-eines-bentone-pro-450-im-gasbrenners\/\">\n            Lieferung und Inbetriebnahme eines Bentone Pro 450 iM Gasbrenners        <\/a>\n    <\/h4>\n                    <\/div>\n            \t<\/div> \n\n\t\t\t\t                \n                <div class=\"col-1-3 tri-clear animate-plus\" data-animations=\"fadeIn\" data-animation-when-visible=\"true\" data-animation-delay=\"0.3s\">  \n                \t<div class=\"grid-block fade\">\n                    \t<div class=\"caption\" style=\"display: none;\">\n                        \t<a href=\"https:\/\/www.heattec.nl\/de\/projects\/biogasbrenner-befeuerter-industrieller-warmwasserboiler\/\"><i class=\"fa fa-plus\"><\/i><\/a>\n                        <\/div>\n                \t\t<img loading=\"lazy\" decoding=\"async\" width=\"640\" height=\"374\" src=\"https:\/\/www.heattec.nl\/de\/wp-content\/uploads\/sites\/3\/2026\/01\/biogas-gestookte-warmwaterketel-00.jpg\" class=\"project-img wp-post-image\" alt=\"\" srcset=\"https:\/\/www.heattec.nl\/de\/wp-content\/uploads\/sites\/3\/2026\/01\/biogas-gestookte-warmwaterketel-00.jpg 660w, https:\/\/www.heattec.nl\/de\/wp-content\/uploads\/sites\/3\/2026\/01\/biogas-gestookte-warmwaterketel-00-300x175.jpg 300w\" sizes=\"auto, (max-width: 640px) 100vw, 640px\" \/>\n    <h4 class=\"project-title\">\n        <a href=\"https:\/\/www.heattec.nl\/de\/projects\/biogasbrenner-befeuerter-industrieller-warmwasserboiler\/\">\n            Biogasbrenner befeuerter industrieller Warmwasserboiler        <\/a>\n    <\/h4>\n                    <\/div>\n            \t<\/div> \n\n\t\t\t\t                \n                <div class=\"col-1-3 tri-clear animate-plus\" data-animations=\"fadeIn\" data-animation-when-visible=\"true\" data-animation-delay=\"0.3s\">  \n                \t<div class=\"grid-block fade\">\n                    \t<div class=\"caption\" style=\"display: none;\">\n                        \t<a href=\"https:\/\/www.heattec.nl\/de\/projects\/installation-eines-sls-150-trockenofens-fuer-kunststoff-transportbaender\/\"><i class=\"fa fa-plus\"><\/i><\/a>\n                        <\/div>\n                \t\t<img loading=\"lazy\" decoding=\"async\" width=\"640\" height=\"374\" src=\"https:\/\/www.heattec.nl\/de\/wp-content\/uploads\/sites\/3\/2025\/06\/installation-eines-sls-150-trockenofens-fuer-kunststoff-transportbaender-0.jpg\" class=\"project-img wp-post-image\" alt=\"Installation eines SLS 150 Trockenofens f\u00fcr Kunststoff-Transportb\u00e4nder\" srcset=\"https:\/\/www.heattec.nl\/de\/wp-content\/uploads\/sites\/3\/2025\/06\/installation-eines-sls-150-trockenofens-fuer-kunststoff-transportbaender-0.jpg 649w, https:\/\/www.heattec.nl\/de\/wp-content\/uploads\/sites\/3\/2025\/06\/installation-eines-sls-150-trockenofens-fuer-kunststoff-transportbaender-0-300x175.jpg 300w\" sizes=\"auto, (max-width: 640px) 100vw, 640px\" \/>\n    <h4 class=\"project-title\">\n        <a href=\"https:\/\/www.heattec.nl\/de\/projects\/installation-eines-sls-150-trockenofens-fuer-kunststoff-transportbaender\/\">\n            Installation eines SLS 150 Trockenofens f\u00fcr Kunststoff-Transportb\u00e4nder        <\/a>\n    <\/h4>\n                    <\/div>\n            \t<\/div> \n\n\t\t\t\t\n\t\t\t<\/div>\n            \n\n\t\t\t\t\t\n\t\t\t\n\n\t\t<\/section>\t\t\n\n\t<div id=\"panel-6-4-0-1\" class=\"so-panel widget widget_sow-editor panel-last-child\" data-index=\"6\" ><div class=\"panel-widget-style panel-widget-style-for-6-4-0-1\" ><div\n\t\t\t\n\t\t\tclass=\"so-widget-sow-editor so-widget-sow-editor-base\"\n\t\t\t\n\t\t>\n<div class=\"siteorigin-widget-tinymce textwidget\">\n\t<p style=\"text-align: center;\"><button class=\"animate-plus animated fadeIn\" style=\"animation-delay: 0.2s; display: inline-block;\" data-animations=\"fadeIn\" data-animation-when-visible=\"true\" data-animation-delay=\"0.2s\" data-animation-group=\"_12\">Mehr Projekte...<\/button><\/p>\n<\/div>\n<\/div><\/div><\/div><\/div><\/div><div id=\"pg-6-5\"  class=\"panel-grid panel-has-style\" ><div style=\"background-image: url(https:\/\/www.heattec.nl\/wp-content\/uploads\/2016\/09\/heating-call-to-action-bg.jpg); \" class=\"panel-row-style panel-row-style-for-6-5\" ><div id=\"pgc-6-5-0\"  class=\"panel-grid-cell\" >\n\t\t<section id=\"home-cta\" class=\"action-area\">\n\n\t\t\t<div class=\"grid grid-pad\">\n            \n            \t<div class=\"col-1-1 animate-plus\" data-animations=\"fadeIn\" data-animation-when-visible=\"true\" data-animation-delay=\"0.5s\">\n\n\t\t\t\t<h3 class=\"widget-title\">Heattec\u00ae Elektrow\u00e4rme<\/h3>\n\t\t\t\t\t\t\t\t\n\n\t\t\t\t\t\t<p>In unserem Heattec\u00ae Elektrow\u00e4rme Webshop finden Sie eine breite Palette industrieller Heizelemente.<\/p>\n\n\t\t\t\t\n\t\t\t\t\n                \n                <\/div> \n\n\t\t\t<\/div>\t\n            \n            \n\t\t\t\t\t<a href=\"https:\/\/www.heattec-webshop.de\/electric-heating\" class=\"call-to-action\">\n                    \n\t\t\t\t\t\t<button class=\"animate-plus\" data-animations=\"fadeIn\" data-animation-when-visible=\"true\" data-animation-delay=\"0.2s\">BESUCHEN SIE DEN SHOP\u2026<\/button>\n                    \n                    <\/a>\n\n\t\t\t\t\n            \n            \t\t\t\t\t\t\t\t\t\n\n\t\t<\/section>\t\t\n\n\t<\/div><\/div><\/div><div id=\"pg-6-6\"  class=\"panel-grid panel-no-style\" ><div id=\"pgc-6-6-0\"  class=\"panel-grid-cell\" ><div id=\"panel-6-6-0-0\" class=\"so-panel widget widget_sow-editor panel-first-child panel-last-child\" data-index=\"8\" ><div\n\t\t\t\n\t\t\tclass=\"so-widget-sow-editor so-widget-sow-editor-base\"\n\t\t\t\n\t\t>\n<div class=\"siteorigin-widget-tinymce textwidget\">\n\t<div class=\"lgx_logo_slider_app_wrapper lgx-logo-slider-wp\"><div class=\"lgx-logo-wrapper  nav-position-v-mid-hover hover-default\"><div class=\"owl-carousel lgx-logo-carousel\" data-autoplaytimeout=\"5000\" data-autoplayspeed=\"200\" data-margin=\"20\" data-loop=\"true\" data-autoplay=\"true\" data-autoplayhoverpause=\"false\" data-dots=\"false\" data-itemlarge=\"5\" data-itemdesk=\"4\" data-itemtablet=\"3\" data-itemmobile=\"2\" data-navlarge=\"true\" data-navdesk=\"true\" data-navtablet=\"true\" data-navmobile=\"true\"><div class=\"item lgx-log-item\"><div class=\"lgx-logo-item\"><a href=\"https:\/\/abic-brennertechnik.de\/\" target=\"_blank\"><img decoding=\"async\" class=\"lgx-logo-img skip-lazy\" src=\"https:\/\/www.heattec.nl\/de\/wp-content\/uploads\/sites\/3\/2026\/02\/abic-logo.png\" style=\"max-width: 350px;max-height: 350px\" alt=\"\" title=\"ABIC Brennertechnik GmbH\" \/><\/a><\/div><\/div><div class=\"item lgx-log-item\"><div class=\"lgx-logo-item\"><a href=\"https:\/\/cpftecnogeca.com\/\" target=\"_blank\"><img decoding=\"async\" class=\"lgx-logo-img skip-lazy\" src=\"https:\/\/www.heattec.nl\/de\/wp-content\/uploads\/sites\/3\/2019\/11\/geca-logo.png\" style=\"max-width: 350px;max-height: 350px\" alt=\"Geca Srl logo\" title=\"Geca Srl\" \/><\/a><\/div><\/div><div class=\"item lgx-log-item\"><div class=\"lgx-logo-item\"><a href=\"http:\/\/www.siabs.eu\/\" target=\"_blank\"><img decoding=\"async\" class=\"lgx-logo-img skip-lazy\" src=\"https:\/\/www.heattec.nl\/de\/wp-content\/uploads\/sites\/3\/2018\/01\/siabs.png\" style=\"max-width: 350px;max-height: 350px\" alt=\"\" title=\"SIABS Srl\" \/><\/a><\/div><\/div><div class=\"item lgx-log-item\"><div class=\"lgx-logo-item\"><a href=\"http:\/\/www.ulmatec.no\/\" target=\"_blank\"><img decoding=\"async\" class=\"lgx-logo-img skip-lazy\" src=\"https:\/\/www.heattec.nl\/de\/wp-content\/uploads\/sites\/3\/2018\/01\/ulmatec_logo.png\" style=\"max-width: 350px;max-height: 350px\" alt=\"\" title=\"Ulmatec Pyro AS\" \/><\/a><\/div><\/div><div class=\"item lgx-log-item\"><div class=\"lgx-logo-item\"><a href=\"http:\/\/fremo.com\/\" target=\"_blank\"><img decoding=\"async\" class=\"lgx-logo-img skip-lazy\" src=\"https:\/\/www.heattec.nl\/de\/wp-content\/uploads\/sites\/3\/2018\/01\/Fremo-1.png\" style=\"max-width: 350px;max-height: 350px\" alt=\"\" title=\"Fremo Energi AS.\" \/><\/a><\/div><\/div><div class=\"item lgx-log-item\"><div class=\"lgx-logo-item\"><a href=\"http:\/\/www.lamborghinicalor.com\/en\/\" target=\"_blank\"><img decoding=\"async\" class=\"lgx-logo-img skip-lazy\" src=\"https:\/\/www.heattec.nl\/de\/wp-content\/uploads\/sites\/3\/2018\/01\/lamborghini_caloreclima_logo.png\" style=\"max-width: 350px;max-height: 350px\" alt=\"\" title=\"Lamborghini Calor S.p.A.\" \/><\/a><\/div><\/div><div class=\"item lgx-log-item\"><div class=\"lgx-logo-item\"><a href=\"https:\/\/www.nu-way.co.uk\/\" target=\"_blank\"><img decoding=\"async\" class=\"lgx-logo-img skip-lazy\" src=\"https:\/\/www.heattec.nl\/de\/wp-content\/uploads\/sites\/3\/2018\/01\/nu-way-logo.png\" style=\"max-width: 350px;max-height: 350px\" alt=\"\" title=\"Nu-Way Burners\" \/><\/a><\/div><\/div><div class=\"item lgx-log-item\"><div class=\"lgx-logo-item\"><a href=\"http:\/\/www.electricfor.com\/\" target=\"_blank\"><img decoding=\"async\" class=\"lgx-logo-img skip-lazy\" src=\"https:\/\/www.heattec.nl\/de\/wp-content\/uploads\/sites\/3\/2018\/01\/electricfor-heating-systems-india-pvt-ltd-logo-x195.png\" style=\"max-width: 350px;max-height: 350px\" alt=\"\" title=\"Electricfor Heating Systems\" \/><\/a><\/div><\/div><div class=\"item lgx-log-item\"><div class=\"lgx-logo-item\"><a href=\"https:\/\/www.romerpp.pl\/\" target=\"_blank\"><img decoding=\"async\" class=\"lgx-logo-img skip-lazy\" src=\"https:\/\/www.heattec.nl\/de\/wp-content\/uploads\/sites\/3\/2018\/01\/romer.png\" style=\"max-width: 350px;max-height: 350px\" alt=\"\" title=\"Romer Powder coating\" \/><\/a><\/div><\/div><div class=\"item lgx-log-item\"><div class=\"lgx-logo-item\"><a href=\"http:\/\/www.samaventilatori.it\/\" target=\"_blank\"><img decoding=\"async\" class=\"lgx-logo-img skip-lazy\" src=\"https:\/\/www.heattec.nl\/de\/wp-content\/uploads\/sites\/3\/2018\/01\/SAMA-logo-nw.jpg\" style=\"max-width: 350px;max-height: 350px\" alt=\"\" title=\"SAMA Ventilatori\" \/><\/a><\/div><\/div><div class=\"item lgx-log-item\"><div class=\"lgx-logo-item\"><a href=\"http:\/\/www.bentone.com\/\" target=\"_blank\"><img decoding=\"async\" class=\"lgx-logo-img skip-lazy\" src=\"https:\/\/www.heattec.nl\/de\/wp-content\/uploads\/sites\/3\/2018\/01\/bentone_logo.png\" style=\"max-width: 350px;max-height: 350px\" alt=\"\" title=\"Bentone\" \/><\/a><\/div><\/div><\/div><\/div><\/div>\n<\/div>\n<\/div><\/div><\/div><\/div><\/div>","protected":false},"excerpt":{"rendered":"<p>Heattec\u00ae bietet ein umfassendes Sortiment an industriellen Gasbrennern, \u00d6lbrennern, Infrarot-Gasbrennern und Brennerkomponenten. Seit mehr als 20 Jahren vertritt Heattec den schwedischen Hersteller Bentone. Bentone ist ein f\u00fchrender Hersteller auf dem Gebiet der Gebl\u00e4sebrenner. Unsere Produkte werden in der Regel direkt ab Lager zu wettbewerbsf\u00e4higen Preisen geliefert. Wir liefern Brennerserviceteile von [&hellip;]<\/p>\n","protected":false},"author":1,"featured_media":0,"parent":0,"menu_order":0,"comment_status":"closed","ping_status":"closed","template":"page-home.php","meta":{"_acf_changed":false,"footnotes":""},"class_list":["post-6","page","type-page","status-publish","hentry"],"acf":[],"aioseo_notices":[],"_links":{"self":[{"href":"https:\/\/www.heattec.nl\/de\/wp-json\/wp\/v2\/pages\/6","targetHints":{"allow":["GET"]}}],"collection":[{"href":"https:\/\/www.heattec.nl\/de\/wp-json\/wp\/v2\/pages"}],"about":[{"href":"https:\/\/www.heattec.nl\/de\/wp-json\/wp\/v2\/types\/page"}],"author":[{"embeddable":true,"href":"https:\/\/www.heattec.nl\/de\/wp-json\/wp\/v2\/users\/1"}],"replies":[{"embeddable":true,"href":"https:\/\/www.heattec.nl\/de\/wp-json\/wp\/v2\/comments?post=6"}],"version-history":[{"count":51,"href":"https:\/\/www.heattec.nl\/de\/wp-json\/wp\/v2\/pages\/6\/revisions"}],"predecessor-version":[{"id":2525,"href":"https:\/\/www.heattec.nl\/de\/wp-json\/wp\/v2\/pages\/6\/revisions\/2525"}],"wp:attachment":[{"href":"https:\/\/www.heattec.nl\/de\/wp-json\/wp\/v2\/media?parent=6"}],"curies":[{"name":"wp","href":"https:\/\/api.w.org\/{rel}","templated":true}]}}