{"id":336,"date":"2019-07-06T15:43:19","date_gmt":"2019-07-06T15:43:19","guid":{"rendered":"https:\/\/www.heattec.nl\/de\/?page_id=336"},"modified":"2026-01-10T14:08:28","modified_gmt":"2026-01-10T14:08:28","slug":"heizkessels","status":"publish","type":"page","link":"https:\/\/www.heattec.nl\/de\/brennertechnik\/heizkessels\/","title":{"rendered":"Heizkessels"},"content":{"rendered":"<div id=\"pl-336\"  class=\"panel-layout\" ><div id=\"pg-336-0\"  class=\"panel-grid panel-no-style\" ><div id=\"pgc-336-0-0\"  class=\"panel-grid-cell\" ><div id=\"panel-336-0-0-0\" class=\"so-panel widget widget_siteorigin-panels-builder panel-first-child\" data-index=\"0\" ><div id=\"pl-w63cbe14a589c1\"  class=\"panel-layout\" ><div id=\"pg-w63cbe14a589c1-0\"  class=\"panel-grid panel-no-style\" ><div id=\"pgc-w63cbe14a589c1-0-0\"  class=\"panel-grid-cell\" ><div id=\"panel-w63cbe14a589c1-0-0-0\" class=\"so-panel widget widget_sow-editor panel-first-child panel-last-child\" data-index=\"0\" ><div\n\t\t\t\n\t\t\tclass=\"so-widget-sow-editor so-widget-sow-editor-base\"\n\t\t\t\n\t\t>\n<div class=\"siteorigin-widget-tinymce textwidget\">\n\t<h2>Auswahl an Heizkesseln<\/h2>\n<p>Heattec bietet eine ganze Auswahl an Warmwasser und Dampf-heizkessel von der Schwedischen Firma Osby Parca hergestellt. Wenn Sie einen speziell auf Sie zugeschnittenen Heizkessel oder einen in einem vorgefertigten Heizraum eingebauten Heizkessel ben\u00f6tigen, hilft Ihnen Heattec gerne weiter.<\/p>\n<p>Das von Heattec angebotene Produktsortiment an Heizkesseln kann in folgende Kategorien unterteilt werden:<\/p>\n<ul class=\"levering_list\">\n<li>\u00d6lheizkessel \/ Gasheizkessel<\/li>\n<li>Dampf-heizkessel<\/li>\n<li>Biomasseheizkessel<\/li>\n<li>Elektroheizkessel<\/li>\n<li>Vorgefertigte Kesselr\u00e4ume<\/li>\n<\/ul>\n<\/div>\n<\/div><\/div><\/div><div id=\"pgc-w63cbe14a589c1-0-1\"  class=\"panel-grid-cell\" ><div id=\"panel-w63cbe14a589c1-0-1-0\" class=\"so-panel widget widget_sow-slider panel-first-child panel-last-child\" data-index=\"1\" ><div\n\t\t\t\n\t\t\tclass=\"so-widget-sow-slider so-widget-sow-slider-default-6d39609536fd\"\n\t\t\t\n\t\t>\t\t\t\t<div class=\"sow-slider-base\" style=\"display: none\" tabindex=\"0\">\n\t\t\t\t\t<ul\n\t\t\t\t\tclass=\"sow-slider-images\"\n\t\t\t\t\tdata-settings=\"{&quot;pagination&quot;:true,&quot;speed&quot;:800,&quot;timeout&quot;:8000,&quot;paused&quot;:false,&quot;pause_on_hover&quot;:false,&quot;swipe&quot;:true,&quot;nav_always_show_desktop&quot;:&quot;&quot;,&quot;nav_always_show_mobile&quot;:&quot;&quot;,&quot;breakpoint&quot;:&quot;780px&quot;,&quot;unmute&quot;:false,&quot;anchor&quot;:null}\"\n\t\t\t\t\t\t\t\t\t\tdata-anchor-id=\"\"\n\t\t\t\t>\t\t<li class=\"sow-slider-image\" style=\"visibility: visible;\" >\n\t\t\t\t\t\t<div class=\"sow-slider-image-container\">\n\t\t\t\t<div class=\"sow-slider-image-wrapper\" style=\"max-width: 1377px\">\n\t\t\t\t\t\t\t\t\t\t<div class=\"sow-slider-image-foreground-wrapper\">\n\t\t\t\t\t\t<img loading=\"lazy\" decoding=\"async\" width=\"1377\" height=\"1945\" src=\"https:\/\/www.heattec.nl\/de\/wp-content\/uploads\/sites\/3\/2023\/01\/osbyparca-bentone-boiler-heattec-min.jpg\" class=\"sow-slider-foreground-image\" alt=\"OsbyParca Bentone Kessel\" style=\"\" srcset=\"https:\/\/www.heattec.nl\/de\/wp-content\/uploads\/sites\/3\/2023\/01\/osbyparca-bentone-boiler-heattec-min.jpg 1377w, https:\/\/www.heattec.nl\/de\/wp-content\/uploads\/sites\/3\/2023\/01\/osbyparca-bentone-boiler-heattec-min-212x300.jpg 212w, https:\/\/www.heattec.nl\/de\/wp-content\/uploads\/sites\/3\/2023\/01\/osbyparca-bentone-boiler-heattec-min-725x1024.jpg 725w, https:\/\/www.heattec.nl\/de\/wp-content\/uploads\/sites\/3\/2023\/01\/osbyparca-bentone-boiler-heattec-min-768x1085.jpg 768w, https:\/\/www.heattec.nl\/de\/wp-content\/uploads\/sites\/3\/2023\/01\/osbyparca-bentone-boiler-heattec-min-1087x1536.jpg 1087w\" sizes=\"auto, (max-width: 1377px) 100vw, 1377px\" \/>\t\t\t\t\t<\/div>\n\t\t\t\t\t\t\t\t\t<\/div>\n\t\t\t<\/div>\n\t\t\t\t\t<\/li>\n\t\t<\/ul>\t\t\t\t<ol class=\"sow-slider-pagination\">\n\t\t\t\t\t\t\t\t\t\t\t<li><a href=\"#\" data-goto=\"0\" aria-label=\"Display slide 1\"><\/a><\/li>\n\t\t\t\t\t\t\t\t\t<\/ol>\n\n\t\t\t\t<div class=\"sow-slide-nav sow-slide-nav-next\">\n\t\t\t\t\t<a href=\"#\" data-goto=\"next\" aria-label=\"Next slide\" data-action=\"next\">\n\t\t\t\t\t\t<em class=\"sow-sld-icon-thin-right\"><\/em>\n\t\t\t\t\t<\/a>\n\t\t\t\t<\/div>\n\n\t\t\t\t<div class=\"sow-slide-nav sow-slide-nav-prev\">\n\t\t\t\t\t<a href=\"#\" data-goto=\"previous\" aria-label=\"Previous slide\" data-action=\"prev\">\n\t\t\t\t\t\t<em class=\"sow-sld-icon-thin-left\"><\/em>\n\t\t\t\t\t<\/a>\n\t\t\t\t<\/div>\n\t\t\t\t<\/div><\/div><\/div><\/div><\/div><\/div><\/div><div id=\"panel-336-0-0-1\" class=\"so-panel widget panel-last-child\" data-index=\"1\" ><\/div><\/div><\/div><div id=\"pg-336-1\"  class=\"panel-grid panel-no-style\" ><div id=\"pgc-336-1-0\"  class=\"panel-grid-cell\" ><div id=\"panel-336-1-0-0\" class=\"so-panel widget widget_siteorigin-panels-builder panel-first-child panel-last-child\" data-index=\"2\" ><div id=\"pl-w63cb05ffe063a\"  class=\"panel-layout\" ><div id=\"pg-w63cb05ffe063a-0\"  class=\"panel-grid panel-no-style\" ><div id=\"pgc-w63cb05ffe063a-0-0\"  class=\"panel-grid-cell\" ><div id=\"panel-w63cb05ffe063a-0-0-0\" class=\"so-panel widget widget_sow-editor panel-first-child panel-last-child\" data-index=\"0\" ><div\n\t\t\t\n\t\t\tclass=\"so-widget-sow-editor so-widget-sow-editor-base\"\n\t\t\t\n\t\t>\n<div class=\"siteorigin-widget-tinymce textwidget\">\n\t<h2>Osby Parca Trio Heizkessel<\/h2>\n<p>Diese kompakten \u00d6l- und Gaskessel k\u00f6nnen mit dem passenden Bentone-Brenner, Sicherheitsarmaturen und einer Kesselumw\u00e4lzpumpe geliefert werden. Diese Kessel sind f\u00fcr die Verwendung mit Biogas, Bio\u00f6l und anderen Brennstoffen geeignet.<\/p>\n<h3>Eigenschaften<\/h3>\n<ul>\n<li>65\u20131900 kW Ausgabe<\/li>\n<li>Niedrige Verbrennungsemissionen<\/li>\n<li>Wirkungsgrad ca. 91%<\/li>\n<li>Isolierte Rauchgaskammer mit doppelter Wand, die W\u00e4rmeverluste reduziert<\/li>\n<\/ul>\n<p><a href=\"https:\/\/www.osbyparca.se\/product\/?id=143\" target=\"_blank\" rel=\"nofollow noopener\"><button class=\"animate-plus animated fadeIn\" style=\"display: inline-block; animation-delay: 0.2s;\" data-animations=\"fadeIn\" data-animation-when-visible=\"true\" data-animation-delay=\"0.2s\" data-animation-group=\"_1\">Weitere Informationen finden Sie auf der Osby Parca-Website<\/button><\/a><\/p>\n<\/div>\n<\/div><\/div><\/div><div id=\"pgc-w63cb05ffe063a-0-1\"  class=\"panel-grid-cell\" ><div id=\"panel-w63cb05ffe063a-0-1-0\" class=\"so-panel widget widget_sow-slider panel-first-child panel-last-child\" data-index=\"1\" ><div\n\t\t\t\n\t\t\tclass=\"so-widget-sow-slider so-widget-sow-slider-default-6d39609536fd\"\n\t\t\t\n\t\t>\t\t\t\t<div class=\"sow-slider-base\" style=\"display: none\" tabindex=\"0\">\n\t\t\t\t\t<ul\n\t\t\t\t\tclass=\"sow-slider-images\"\n\t\t\t\t\tdata-settings=\"{&quot;pagination&quot;:true,&quot;speed&quot;:800,&quot;timeout&quot;:8000,&quot;paused&quot;:false,&quot;pause_on_hover&quot;:false,&quot;swipe&quot;:true,&quot;nav_always_show_desktop&quot;:&quot;&quot;,&quot;nav_always_show_mobile&quot;:&quot;&quot;,&quot;breakpoint&quot;:&quot;780px&quot;,&quot;unmute&quot;:false,&quot;anchor&quot;:null}\"\n\t\t\t\t\t\t\t\t\t\tdata-anchor-id=\"\"\n\t\t\t\t>\t\t<li class=\"sow-slider-image\" style=\"visibility: visible;\" >\n\t\t\t\t\t\t<div class=\"sow-slider-image-container\">\n\t\t\t\t<div class=\"sow-slider-image-wrapper\" style=\"max-width: 500px\">\n\t\t\t\t\t\t\t\t\t\t<div class=\"sow-slider-image-foreground-wrapper\">\n\t\t\t\t\t\t<img loading=\"lazy\" decoding=\"async\" width=\"500\" height=\"375\" src=\"https:\/\/www.heattec.nl\/de\/wp-content\/uploads\/sites\/3\/2019\/08\/osby-parca-trio-oil-gas-boiler.jpg\" class=\"sow-slider-foreground-image\" alt=\"Osby Parca Trio Heizkessel\" style=\"\" srcset=\"https:\/\/www.heattec.nl\/de\/wp-content\/uploads\/sites\/3\/2019\/08\/osby-parca-trio-oil-gas-boiler.jpg 500w, https:\/\/www.heattec.nl\/de\/wp-content\/uploads\/sites\/3\/2019\/08\/osby-parca-trio-oil-gas-boiler-300x225.jpg 300w\" sizes=\"auto, (max-width: 500px) 100vw, 500px\" \/>\t\t\t\t\t<\/div>\n\t\t\t\t\t\t\t\t\t<\/div>\n\t\t\t<\/div>\n\t\t\t\t\t<\/li>\n\t\t<\/ul>\t\t\t\t<ol class=\"sow-slider-pagination\">\n\t\t\t\t\t\t\t\t\t\t\t<li><a href=\"#\" data-goto=\"0\" aria-label=\"Display slide 1\"><\/a><\/li>\n\t\t\t\t\t\t\t\t\t<\/ol>\n\n\t\t\t\t<div class=\"sow-slide-nav sow-slide-nav-next\">\n\t\t\t\t\t<a href=\"#\" data-goto=\"next\" aria-label=\"Next slide\" data-action=\"next\">\n\t\t\t\t\t\t<em class=\"sow-sld-icon-thin-right\"><\/em>\n\t\t\t\t\t<\/a>\n\t\t\t\t<\/div>\n\n\t\t\t\t<div class=\"sow-slide-nav sow-slide-nav-prev\">\n\t\t\t\t\t<a href=\"#\" data-goto=\"previous\" aria-label=\"Previous slide\" data-action=\"prev\">\n\t\t\t\t\t\t<em class=\"sow-sld-icon-thin-left\"><\/em>\n\t\t\t\t\t<\/a>\n\t\t\t\t<\/div>\n\t\t\t\t<\/div><\/div><\/div><\/div><\/div><\/div><\/div><\/div><\/div><div id=\"pg-336-2\"  class=\"panel-grid panel-no-style\" ><div id=\"pgc-336-2-0\"  class=\"panel-grid-cell\" ><div id=\"panel-336-2-0-0\" class=\"so-panel widget widget_sow-editor panel-first-child\" data-index=\"3\" ><div\n\t\t\t\n\t\t\tclass=\"so-widget-sow-editor so-widget-sow-editor-base\"\n\t\t\t\n\t\t>\n<div class=\"siteorigin-widget-tinymce textwidget\">\n\t<div class=\"su-table su-table-alternate\"><\/p>\n<table class=\"leveringen_table\">\n<tbody>\n<tr>\n<td colspan=\"10\">\n<h2>Verf\u00fcgbare Modelle Trio \u00d6l- und Gasheizkessel<\/h2>\n<\/td>\n<\/tr>\n<tr>\n<td><strong>Modell<\/strong><\/td>\n<td><strong>Ausgabe min\/max<\/strong><\/td>\n<td><strong>Eingabe min\/max<\/strong><\/td>\n<td><strong>Wasser volumen<\/strong><\/td>\n<td><strong>Wasserseitiger Druckverlust<\/strong><\/td>\n<td><strong>Rauchgasseitiger Druckverlust<\/strong><\/td>\n<td><strong>Max. Betriebsdruck<\/strong><\/td>\n<td><strong>Brennkammervolumen<\/strong><\/td>\n<\/tr>\n<tr>\n<td><\/td>\n<td><strong>kW<\/strong><\/td>\n<td><strong>kW<\/strong><\/td>\n<td><strong>ltr<\/strong><\/td>\n<td><strong>w.c m<\/strong><\/td>\n<td><strong>w.c mm<\/strong><\/td>\n<td><strong>bar<\/strong><\/td>\n<td><strong>m\u00b3<\/strong><\/td>\n<\/tr>\n<tr>\n<td><strong>TRIO 65<\/strong><\/td>\n<td>55\/65<\/td>\n<td>59,8\/71<\/td>\n<td>131<\/td>\n<td>0,04 - 0,06<\/td>\n<td>3-4<\/td>\n<td>5<\/td>\n<td>0,06<\/td>\n<\/tr>\n<tr>\n<td><strong>TRIO 85<\/strong><\/td>\n<td>72\/85<\/td>\n<td>78,3\/93<\/td>\n<td>187<\/td>\n<td>0,05 - 0,07<\/td>\n<td>4,5-6<\/td>\n<td>5<\/td>\n<td>0,088<\/td>\n<\/tr>\n<tr>\n<td><strong>TRIO 110<\/strong><\/td>\n<td>93\/110<\/td>\n<td>101\/120<\/td>\n<td>204<\/td>\n<td>0,06 - 0,08<\/td>\n<td>5,5 - 7,5<\/td>\n<td>5<\/td>\n<td>0,103<\/td>\n<\/tr>\n<tr>\n<td><strong>TRIO 150<\/strong><\/td>\n<td>127\/150<\/td>\n<td>137\/163<\/td>\n<td>270<\/td>\n<td>0,08 - 0,10<\/td>\n<td>12-16<\/td>\n<td>5<\/td>\n<td>0,139<\/td>\n<\/tr>\n<tr>\n<td><strong>TRIO 185<\/strong><\/td>\n<td>157\/185<\/td>\n<td>170\/202<\/td>\n<td>285<\/td>\n<td>0,10 - 0,18<\/td>\n<td>9-12<\/td>\n<td>5<\/td>\n<td>0,155<\/td>\n<\/tr>\n<tr>\n<td><strong>TRIO 225<\/strong><\/td>\n<td>191\/225<\/td>\n<td>207\/245<\/td>\n<td>322<\/td>\n<td>0,17 - 0,20<\/td>\n<td>12,5 - 17,5<\/td>\n<td>5<\/td>\n<td>0,176<\/td>\n<\/tr>\n<tr>\n<td><strong>TRIO 300<\/strong><\/td>\n<td>255\/300<\/td>\n<td>276\/327<\/td>\n<td>408<\/td>\n<td>0,22 - 0,35<\/td>\n<td>9-12<\/td>\n<td>5<\/td>\n<td>0,239<\/td>\n<\/tr>\n<tr>\n<td><strong>TRIO 380<\/strong><\/td>\n<td>323\/380<\/td>\n<td>350\/414<\/td>\n<td>475<\/td>\n<td>0,32 - 0,53<\/td>\n<td>15-21<\/td>\n<td>5<\/td>\n<td>0,28<\/td>\n<\/tr>\n<tr>\n<td><strong>TRIO 500<\/strong><\/td>\n<td>425\/500<\/td>\n<td>460\/545<\/td>\n<td>708<\/td>\n<td>0,10 - 0,15<\/td>\n<td>25-35<\/td>\n<td>5<\/td>\n<td>0,389<\/td>\n<\/tr>\n<tr>\n<td><strong>TRIO 630<\/strong><\/td>\n<td>535\/630<\/td>\n<td>579\/686<\/td>\n<td>794<\/td>\n<td>0,16 - 0,23<\/td>\n<td>32-45<\/td>\n<td>5<\/td>\n<td>0,443<\/td>\n<\/tr>\n<tr>\n<td><strong>TRIO 730<\/strong><\/td>\n<td>620\/730<\/td>\n<td>671\/795<\/td>\n<td>871<\/td>\n<td>0,23 - 0,33<\/td>\n<td>35-49<\/td>\n<td>5<\/td>\n<td>0,498<\/td>\n<\/tr>\n<tr>\n<td><strong>TRIO 840<\/strong><\/td>\n<td>714\/840<\/td>\n<td>772\/915<\/td>\n<td>932<\/td>\n<td>0,35 - 0,52<\/td>\n<td>42-58<\/td>\n<td>5<\/td>\n<td>0,542<\/td>\n<\/tr>\n<tr>\n<td><strong>TRIO 1100<\/strong><\/td>\n<td>935\/1100<\/td>\n<td>1012\/1198<\/td>\n<td>1580<\/td>\n<td>0,15 - 0,21<\/td>\n<td>45-62<\/td>\n<td>6<\/td>\n<td>0,753<\/td>\n<\/tr>\n<tr>\n<td><strong>TRIO 1320<\/strong><\/td>\n<td>1122\/1320<\/td>\n<td>1214\/1438<\/td>\n<td>1791<\/td>\n<td>0,21 - 0,30<\/td>\n<td>61-85<\/td>\n<td>6<\/td>\n<td>0,889<\/td>\n<\/tr>\n<tr>\n<td><strong>TRIO 1600<\/strong><\/td>\n<td>1360\/1600<\/td>\n<td>1470\/1743<\/td>\n<td>2297<\/td>\n<td>0,20 - 0,28<\/td>\n<td>40-55<\/td>\n<td>6<\/td>\n<td>1,116<\/td>\n<\/tr>\n<tr>\n<td><strong>TRIO 1900<\/strong><\/td>\n<td>1615\/1900<\/td>\n<td>1745\/2070<\/td>\n<td>2496<\/td>\n<td>0,27 \/ 0,39<\/td>\n<td>52-73<\/td>\n<td>6<\/td>\n<td>1,261<\/td>\n<\/tr>\n<\/tbody>\n<\/table>\n<p><\/div>\n<\/div>\n<\/div><\/div><div id=\"panel-336-2-0-1\" class=\"so-panel widget panel-last-child\" data-index=\"4\" ><\/div><\/div><\/div><div id=\"pg-336-3\"  class=\"panel-grid panel-no-style\" ><div id=\"pgc-336-3-0\"  class=\"panel-grid-cell\" ><div id=\"panel-336-3-0-0\" class=\"so-panel widget widget_siteorigin-panels-builder panel-first-child panel-last-child\" data-index=\"5\" ><div id=\"pl-w63cb05ffe0b80\"  class=\"panel-layout\" ><div id=\"pg-w63cb05ffe0b80-0\"  class=\"panel-grid panel-no-style\" ><div id=\"pgc-w63cb05ffe0b80-0-0\"  class=\"panel-grid-cell\" ><div id=\"panel-w63cb05ffe0b80-0-0-0\" class=\"so-panel widget widget_sow-editor panel-first-child panel-last-child\" data-index=\"0\" ><div\n\t\t\t\n\t\t\tclass=\"so-widget-sow-editor so-widget-sow-editor-base\"\n\t\t\t\n\t\t>\n<div class=\"siteorigin-widget-tinymce textwidget\">\n\t<h2>Osby Parca EL Elektroheizkessel<\/h2>\n<p>Diese hoch entwickelten Elektroheizkessel, die ein schlankes und modernes Design haben, sind mit einem neuen benutzerfreundlichen Touchscreen-Steuerungssystem ausgestattet. Die Steuerung erleichtert die Kontrolle des Kessels und der Wartungsintervalle.<\/p>\n<h3>Eigenschaften<\/h3>\n<ul>\n<li>Verschiedene Modelle von 36 kW bis 498 kW Leistung.<\/li>\n<li>Alle Parameter sind \u00fcber Modbus zug\u00e4nglich.<\/li>\n<li>Der Anschluss an externe Ger\u00e4te ist einfach, z. B. die Integration \/ Steuerung \u00fcber eine W\u00e4rmepumpe.<\/li>\n<li>Kann mit vollst\u00e4ndiger, eingebauter Sicherheitsausr\u00fcstung geliefert werden.<\/li>\n<li>Nach einem Stromausfall, der l\u00e4nger als drei Minuten dauert, verz\u00f6gert sich der Anschluss der Kesselleistung um eine Stunde. In \u00dcbereinstimmung mit den Empfehlungen von SEF.<\/li>\n<li>Der Anschluss der Kesselleistung wird in Stufen geregelt (die Anzahl der Stufen kann begrenzt werden, um eine geringere Leistung zu erzielen).<\/li>\n<li>Die Hauptsicherung des Systems kann durch Installation von Stromwandlern und Stromsensoren gesch\u00fctzt werden.<\/li>\n<li>Die Wassertemperatur des Kessels kann gem\u00e4\u00df der bevorzugten Temperatur (Sollwert) oder einem externen Signal von z.B. eine W\u00e4rmepumpe oder ein Au\u00dfenf\u00fchler.<\/li>\n<li>Ausgestattet mit einem \u00dcberhitzungsschutz, der nach \u00dcberhitzung im Pausenmodus bleibt.<\/li>\n<li>F\u00fcr eine h\u00f6here Gesamtleistung k\u00f6nnen mehrere Kessel parallel geschaltet werden.<\/li>\n<li>Zugelassen f\u00fcr Nulldurchfluss.<\/li>\n<\/ul>\n<p><a href=\"https:\/\/www.osbyparca.se\/product\/?id=146\" target=\"_blank\" rel=\"nofollow noopener\"><button class=\"animate-plus animated fadeIn\" style=\"display: inline-block; animation-delay: 0.2s;\" data-animations=\"fadeIn\" data-animation-when-visible=\"true\" data-animation-delay=\"0.2s\" data-animation-group=\"_1\">Sehen Sie sich diesen Boiler auf der Osby Parca-Website an<\/button><\/a><\/p>\n<\/div>\n<\/div><\/div><\/div><div id=\"pgc-w63cb05ffe0b80-0-1\"  class=\"panel-grid-cell\" ><div id=\"panel-w63cb05ffe0b80-0-1-0\" class=\"so-panel widget widget_sow-slider panel-first-child panel-last-child\" data-index=\"1\" ><div\n\t\t\t\n\t\t\tclass=\"so-widget-sow-slider so-widget-sow-slider-default-6d39609536fd\"\n\t\t\t\n\t\t>\t\t\t\t<div class=\"sow-slider-base\" style=\"display: none\" tabindex=\"0\">\n\t\t\t\t\t<ul\n\t\t\t\t\tclass=\"sow-slider-images\"\n\t\t\t\t\tdata-settings=\"{&quot;pagination&quot;:true,&quot;speed&quot;:800,&quot;timeout&quot;:8000,&quot;paused&quot;:false,&quot;pause_on_hover&quot;:false,&quot;swipe&quot;:true,&quot;nav_always_show_desktop&quot;:&quot;&quot;,&quot;nav_always_show_mobile&quot;:&quot;&quot;,&quot;breakpoint&quot;:&quot;780px&quot;,&quot;unmute&quot;:false,&quot;anchor&quot;:null}\"\n\t\t\t\t\t\t\t\t\t\tdata-anchor-id=\"\"\n\t\t\t\t>\t\t<li class=\"sow-slider-image\" style=\"visibility: visible;\" >\n\t\t\t\t\t\t<div class=\"sow-slider-image-container\">\n\t\t\t\t<div class=\"sow-slider-image-wrapper\" style=\"max-width: 500px\">\n\t\t\t\t\t\t\t\t\t\t<div class=\"sow-slider-image-foreground-wrapper\">\n\t\t\t\t\t\t<img loading=\"lazy\" decoding=\"async\" width=\"500\" height=\"375\" src=\"https:\/\/www.heattec.nl\/de\/wp-content\/uploads\/sites\/3\/2019\/08\/osby-parca-el-160-electric-boiler.jpg\" class=\"sow-slider-foreground-image\" alt=\"Osby Parca EL Elektroheizkessel\" style=\"\" srcset=\"https:\/\/www.heattec.nl\/de\/wp-content\/uploads\/sites\/3\/2019\/08\/osby-parca-el-160-electric-boiler.jpg 500w, https:\/\/www.heattec.nl\/de\/wp-content\/uploads\/sites\/3\/2019\/08\/osby-parca-el-160-electric-boiler-300x225.jpg 300w\" sizes=\"auto, (max-width: 500px) 100vw, 500px\" \/>\t\t\t\t\t<\/div>\n\t\t\t\t\t\t\t\t\t<\/div>\n\t\t\t<\/div>\n\t\t\t\t\t<\/li>\n\t\t<\/ul>\t\t\t\t<ol class=\"sow-slider-pagination\">\n\t\t\t\t\t\t\t\t\t\t\t<li><a href=\"#\" data-goto=\"0\" aria-label=\"Display slide 1\"><\/a><\/li>\n\t\t\t\t\t\t\t\t\t<\/ol>\n\n\t\t\t\t<div class=\"sow-slide-nav sow-slide-nav-next\">\n\t\t\t\t\t<a href=\"#\" data-goto=\"next\" aria-label=\"Next slide\" data-action=\"next\">\n\t\t\t\t\t\t<em class=\"sow-sld-icon-thin-right\"><\/em>\n\t\t\t\t\t<\/a>\n\t\t\t\t<\/div>\n\n\t\t\t\t<div class=\"sow-slide-nav sow-slide-nav-prev\">\n\t\t\t\t\t<a href=\"#\" data-goto=\"previous\" aria-label=\"Previous slide\" data-action=\"prev\">\n\t\t\t\t\t\t<em class=\"sow-sld-icon-thin-left\"><\/em>\n\t\t\t\t\t<\/a>\n\t\t\t\t<\/div>\n\t\t\t\t<\/div><\/div><\/div><\/div><\/div><\/div><\/div><\/div><\/div><div id=\"pg-336-4\"  class=\"panel-grid panel-no-style\" ><div id=\"pgc-336-4-0\"  class=\"panel-grid-cell\" ><div id=\"panel-336-4-0-0\" class=\"so-panel widget widget_sow-editor panel-first-child\" data-index=\"6\" ><div\n\t\t\t\n\t\t\tclass=\"so-widget-sow-editor so-widget-sow-editor-base\"\n\t\t\t\n\t\t>\n<div class=\"siteorigin-widget-tinymce textwidget\">\n\t<div class=\"su-table su-table-alternate\"><\/p>\n<table class=\"leveringen_table\">\n<tbody>\n<tr>\n<td colspan=\"11\">\n<h2>Erh\u00e4ltlich Elektroheizkessel<\/h2>\n<\/td>\n<\/tr>\n<tr>\n<td colspan=\"3\"><strong>Art. No.<\/strong><\/td>\n<td><strong>RSK Number<\/strong><\/td>\n<td><strong>Leistung<\/strong><\/td>\n<td><strong>Schritt 1<\/strong><\/td>\n<td><strong>Schritte<\/strong><\/td>\n<td><strong>Spannung<\/strong><\/td>\n<td><strong>Stromst\u00e4rke<\/strong><\/td>\n<td><strong>Hauptsicherung<\/strong><\/td>\n<td><strong>Gewicht*<\/strong><\/td>\n<\/tr>\n<tr>\n<td colspan=\"3\"><strong>EL 36 Eco<\/strong><\/td>\n<td><strong><\/strong><\/td>\n<td><strong>kW<\/strong><\/td>\n<td><strong>kW<\/strong><\/td>\n<td><strong>Menge<\/strong><\/td>\n<td><strong>V<\/strong><\/td>\n<td><strong>A<\/strong><\/td>\n<td><strong>A<\/strong><\/td>\n<td><strong>kg<\/strong><\/td>\n<\/tr>\n<tr>\n<td colspan=\"3\">7700110-01<\/td>\n<td>620 38 13<\/td>\n<td>36<\/td>\n<td>5,2<\/td>\n<td>7<\/td>\n<td>400<\/td>\n<td>52<\/td>\n<td>63<\/td>\n<td>40<\/td>\n<\/tr>\n<td colspan=\"3\"><strong>EL 50 Eco<\/strong><\/td>\n<td><\/td>\n<td><\/td>\n<td><\/td>\n<td><\/td>\n<td><\/td>\n<td><\/td>\n<td><\/td>\n<td><\/td>\n<tr>\n<td colspan=\"3\">7700120-01<\/td>\n<td>620 38 26<\/td>\n<td>50<\/td>\n<td>8,3<\/td>\n<td>6<\/td>\n<td>400<\/td>\n<td>72<\/td>\n<td>80<\/td>\n<td>40<\/td>\n<\/tr>\n<tr>\n<\/tr>\n<tr>\n<td colspan=\"1\"><strong>EL 160 Eco<\/strong><\/td>\n<td colspan=\"1\"><strong>Std<\/strong><\/td>\n<td colspan=\"1\"><strong>S<\/strong><\/td>\n<td><\/td>\n<td><\/td>\n<td><\/td>\n<td><\/td>\n<td><\/td>\n<td><\/td>\n<td><\/td>\n<td><\/td>\n<\/tr>\n<tr>\n<td>7700130<\/td>\n<td>-01<\/td>\n<td>-31<\/td>\n<td><\/td>\n<td>72<\/td>\n<td>9<\/td>\n<td>7<\/td>\n<td>400<\/td>\n<td>104<\/td>\n<td><\/td>\n<td>160<\/td>\n<\/tr>\n<tr>\n<td>7700130<\/td>\n<td>-02<\/td>\n<td>-32<\/td>\n<td><\/td>\n<td>93<\/td>\n<td>9<\/td>\n<td>9<\/td>\n<td>400<\/td>\n<td>134<\/td>\n<td><\/td>\n<td>160<\/td>\n<\/tr>\n<tr>\n<td>7700130<\/td>\n<td>-03<\/td>\n<td>-33<\/td>\n<td><\/td>\n<td>114<\/td>\n<td>9<\/td>\n<td>11<\/td>\n<td>400<\/td>\n<td>164<\/td>\n<td><\/td>\n<td>170<\/td>\n<\/tr>\n<tr>\n<td>7700130<\/td>\n<td>-04<\/td>\n<td>-34<\/td>\n<td><\/td>\n<td>135<\/td>\n<td>9<\/td>\n<td>13<\/td>\n<td>400<\/td>\n<td>195<\/td>\n<td><\/td>\n<td>170<\/td>\n<\/tr>\n<tr>\n<td>7700130<\/td>\n<td>-05<\/td>\n<td>-35<\/td>\n<td><\/td>\n<td>156<\/td>\n<td>9<\/td>\n<td>15<\/td>\n<td>400<\/td>\n<td>225<\/td>\n<td><\/td>\n<td>170<\/td>\n<\/tr>\n<tr>'<br \/>\n<\/tr>\n<tr>\n<td colspan=\"1\"><strong>EL 160 Eco<\/strong><\/td>\n<td colspan=\"1\"><\/td>\n<td colspan=\"1\"><\/td>\n<td><\/td>\n<td><\/td>\n<td><\/td>\n<td><\/td>\n<td><\/td>\n<td><\/td>\n<td><\/td>\n<td><\/td>\n<\/tr>\n<tr>\n<td>7700130<\/td>\n<td>-01<\/td>\n<td>-31<\/td>\n<td><\/td>\n<td>72<\/td>\n<td>9<\/td>\n<td>7<\/td>\n<td>400<\/td>\n<td>104<\/td>\n<td><\/td>\n<td>160<\/td>\n<\/tr>\n<tr>\n<td>7700130<\/td>\n<td>-02<\/td>\n<td>-32<\/td>\n<td><\/td>\n<td>93<\/td>\n<td>9<\/td>\n<td>9<\/td>\n<td>400<\/td>\n<td>134<\/td>\n<td><\/td>\n<td>160<\/td>\n<\/tr>\n<tr>\n<td>7700130<\/td>\n<td>-03<\/td>\n<td>-33<\/td>\n<td><\/td>\n<td>114<\/td>\n<td>9<\/td>\n<td>11<\/td>\n<td>400<\/td>\n<td>164<\/td>\n<td><\/td>\n<td>170<\/td>\n<\/tr>\n<tr>\n<td>7700130<\/td>\n<td>-04<\/td>\n<td>-34<\/td>\n<td><\/td>\n<td>135<\/td>\n<td>9<\/td>\n<td>13<\/td>\n<td>400<\/td>\n<td>195<\/td>\n<td><\/td>\n<td>170<\/td>\n<\/tr>\n<tr>\n<td>7700130<\/td>\n<td>-05<\/td>\n<td>-35<\/td>\n<td><\/td>\n<td>156<\/td>\n<td>9<\/td>\n<td>15<\/td>\n<td>400<\/td>\n<td>225<\/td>\n<td><\/td>\n<td>170<\/td>\n<\/tr>\n<tr>\n<td colspan=\"1\"><strong>EL 360 Eco<\/strong><\/td>\n<td colspan=\"1\"><\/td>\n<td colspan=\"1\"><\/td>\n<td><\/td>\n<td><\/td>\n<td><\/td>\n<td><\/td>\n<td><\/td>\n<td><\/td>\n<td><\/td>\n<td><\/td>\n<\/tr>\n<tr>\n<td>7700140<\/td>\n<td>-01<\/td>\n<td>-31<\/td>\n<td><\/td>\n<td>198<\/td>\n<td>9<\/td>\n<td>19<\/td>\n<td>400<\/td>\n<td>286<\/td>\n<td><\/td>\n<td>410<\/td>\n<\/tr>\n<tr>\n<td>7700140<\/td>\n<td>-02<\/td>\n<td>-32<\/td>\n<td><\/td>\n<td>240<\/td>\n<td>9<\/td>\n<td>23<\/td>\n<td>400<\/td>\n<td>346<\/td>\n<td><\/td>\n<td>410<\/td>\n<\/tr>\n<tr>\n<td>7700140<\/td>\n<td>-03<\/td>\n<td>-33<\/td>\n<td><\/td>\n<td>273<\/td>\n<td>21<\/td>\n<td>13<\/td>\n<td>400<\/td>\n<td>455<\/td>\n<td><\/td>\n<td>410<\/td>\n<\/tr>\n<tr>\n<td>7700140<\/td>\n<td>-04<\/td>\n<td>-34<\/td>\n<td><\/td>\n<td>315<\/td>\n<td>21<\/td>\n<td>15<\/td>\n<td>400<\/td>\n<td>455<\/td>\n<td><\/td>\n<td>410<\/td>\n<\/tr>\n<tr>\n<td>7700140<\/td>\n<td>-05<\/td>\n<td>-35<\/td>\n<td><\/td>\n<td>357<\/td>\n<td>21<\/td>\n<td>17<\/td>\n<td>400<\/td>\n<td>515<\/td>\n<td><\/td>\n<td>410<\/td>\n<\/tr>\n<tr>\n<td colspan=\"1\"><strong>EL 500 Eco<\/strong><\/td>\n<td colspan=\"1\"><\/td>\n<td colspan=\"1\"><\/td>\n<td><\/td>\n<td><\/td>\n<td><\/td>\n<td><\/td>\n<td><\/td>\n<td><\/td>\n<td><\/td>\n<td><\/td>\n<\/tr>\n<tr>\n<td>7700150<\/td>\n<td>-01<\/td>\n<td>-31<\/td>\n<td><\/td>\n<td>420<\/td>\n<td>21<\/td>\n<td>20<\/td>\n<td>400<\/td>\n<td>606<\/td>\n<td><\/td>\n<td>420<\/td>\n<\/tr>\n<tr>\n<td>7700150<\/td>\n<td>-02<\/td>\n<td>-32<\/td>\n<td><\/td>\n<td>498<\/td>\n<td>21<\/td>\n<td>24<\/td>\n<td>400<\/td>\n<td>719<\/td>\n<td><\/td>\n<td>420<\/td>\n<\/tr>\n<tr>\n<td colspan=\"11\">* Ohne Wasser.<\/td>\n<\/tr>\n<\/tbody>\n<\/table>\n<p><\/div>\n<\/div>\n<\/div><\/div><div id=\"panel-336-4-0-1\" class=\"so-panel widget panel-last-child\" data-index=\"7\" ><\/div><\/div><\/div><div id=\"pg-336-5\"  class=\"panel-grid panel-no-style\" ><div id=\"pgc-336-5-0\"  class=\"panel-grid-cell\" ><div id=\"panel-336-5-0-0\" class=\"so-panel widget widget_sow-editor panel-first-child panel-last-child\" data-index=\"8\" ><div\n\t\t\t\n\t\t\tclass=\"so-widget-sow-editor so-widget-sow-editor-base\"\n\t\t\t\n\t\t>\n<div class=\"siteorigin-widget-tinymce textwidget\">\n\t<p>Neben den oben genannten Kesseln stehen auch andere Kessel zur Verf\u00fcgung. Auf der <a href=\"https:\/\/www.osbyparca.se\/products\/\" target=\"_blank\" rel=\"nofollow noopener\">offiziellen Website von Osby Parca<\/a> finden Sie das komplette Kesselsortiment. Sie m\u00f6chten einen Heizkessel kaufen oder m\u00f6chten weitere Informationen erhalten? Nehmen Sie <a href=\"https:\/\/www.heattec.nl\/de\/uber-uns\/\">Kontakt<\/a> mit einem unserer Kesselspezialisten auf.<\/p>\n<\/div>\n<\/div><\/div><\/div><\/div><\/div>","protected":false},"excerpt":{"rendered":"<p>Auswahl an Heizkesseln Heattec bietet eine ganze Auswahl an Warmwasser und Dampf-heizkessel von der Schwedischen Firma Osby Parca hergestellt. Wenn Sie einen speziell auf Sie zugeschnittenen Heizkessel oder einen in einem vorgefertigten Heizraum eingebauten Heizkessel ben\u00f6tigen, hilft Ihnen Heattec gerne weiter. Das von Heattec angebotene Produktsortiment an Heizkesseln kann in [&hellip;]<\/p>\n","protected":false},"author":1,"featured_media":0,"parent":8,"menu_order":0,"comment_status":"closed","ping_status":"closed","template":"page-fullwidth.php","meta":{"_acf_changed":false,"footnotes":""},"class_list":["post-336","page","type-page","status-publish","hentry"],"acf":[],"aioseo_notices":[],"_links":{"self":[{"href":"https:\/\/www.heattec.nl\/de\/wp-json\/wp\/v2\/pages\/336","targetHints":{"allow":["GET"]}}],"collection":[{"href":"https:\/\/www.heattec.nl\/de\/wp-json\/wp\/v2\/pages"}],"about":[{"href":"https:\/\/www.heattec.nl\/de\/wp-json\/wp\/v2\/types\/page"}],"author":[{"embeddable":true,"href":"https:\/\/www.heattec.nl\/de\/wp-json\/wp\/v2\/users\/1"}],"replies":[{"embeddable":true,"href":"https:\/\/www.heattec.nl\/de\/wp-json\/wp\/v2\/comments?post=336"}],"version-history":[{"count":31,"href":"https:\/\/www.heattec.nl\/de\/wp-json\/wp\/v2\/pages\/336\/revisions"}],"predecessor-version":[{"id":2528,"href":"https:\/\/www.heattec.nl\/de\/wp-json\/wp\/v2\/pages\/336\/revisions\/2528"}],"up":[{"embeddable":true,"href":"https:\/\/www.heattec.nl\/de\/wp-json\/wp\/v2\/pages\/8"}],"wp:attachment":[{"href":"https:\/\/www.heattec.nl\/de\/wp-json\/wp\/v2\/media?parent=336"}],"curies":[{"name":"wp","href":"https:\/\/api.w.org\/{rel}","templated":true}]}}