{"id":27,"date":"2016-10-22T14:10:42","date_gmt":"2016-10-22T14:10:42","guid":{"rendered":"https:\/\/www.heattec.nl\/de\/?page_id=27"},"modified":"2022-12-17T11:00:40","modified_gmt":"2022-12-17T11:00:40","slug":"inspektionen","status":"publish","type":"page","link":"https:\/\/www.heattec.nl\/de\/service-wartung\/inspektionen\/","title":{"rendered":"Inspektionen"},"content":{"rendered":"<div id=\"pl-27\"  class=\"panel-layout\" ><div id=\"pg-27-0\"  class=\"panel-grid panel-no-style\" ><div id=\"pgc-27-0-0\"  class=\"panel-grid-cell\" ><div id=\"panel-27-0-0-0\" class=\"so-panel widget widget_sow-editor panel-first-child\" data-index=\"0\" ><div class=\"panel-widget-style panel-widget-style-for-27-0-0-0\" ><div\n\t\t\t\n\t\t\tclass=\"so-widget-sow-editor so-widget-sow-editor-base\"\n\t\t\t\n\t\t>\n<div class=\"siteorigin-widget-tinymce textwidget\">\n\t<p>Heattec biedt Dienstleistungen f\u00fcr die Probleme Ihrer bestehenden Verbrennung und Brenneranlagen. Wir schaffen dauerhafte L\u00f6sungen durch die Durchf\u00fchrung Brenner Erhebungen \u00fcber-setzen und die problematischen Teile auf Verlangen nachzuweisen.<\/p>\n<h3>Service<\/h3>\n<p>Die Effizienz und Zuverl\u00e4ssigkeit Ihres Brenners und daher Ihre Heizungsanlage sind in vielen F\u00e4llen Unternehmen von entscheidender Bedeutung. Es wird empfohlen, dass alle Gasbrenner sind mindestens einmal pro Jahr gewartet werden, mit \u00d6lbrenner halbj\u00e4hrlich.<\/p>\n<p>Servicevertr\u00e4ge Vorsehung die M\u00f6glichkeit zur vorbeugenden Wartung auf einen m\u00f6glichen Zusammenbruch vor durchgef\u00fchrt werden.<\/p>\n<h3>Installation und\u00a0Inbetriebnahme<\/h3>\n<p>Nach der Investition in einen neuen Brenner ist die Installation und Inbetriebnahme entscheidend f\u00fcr die laufende Effizienz der Heizungsanlage. Bei Heattec sind wir f\u00fcr unsere Feldunterst\u00fctzung f\u00fcr verschiedene Brennertypen sowie alle anderen Brennerhersteller bekannt und bieten ein komplettes Montage- und Inbetriebnahmepaket f\u00fcr alle Brenner.<\/p>\n<p>Compliance with manufacturer\u2019s recommendations will ensure warranty validation and optimum output. \u00a0Ensuring your burner has the correct settings will guarantee the best return on your investment.<\/p>\n<p>Die Einhaltung der Empfehlungen des Herstellers garantiert Garantieleistungen und optimale Leistung.<\/p>\n<p>Alle Instandhaltung, Installation und Inbetriebnahme erfolgt durch unser Netzwerk hochqualifizierter und geschulter Ingenieure und zugelassener Subunternehmer.<\/p>\n<p>\u00a0<\/p>\n<\/div>\n<\/div><\/div><\/div><div id=\"panel-27-0-0-1\" class=\"so-panel widget widget_sow-image panel-last-child\" data-index=\"1\" ><div\n\t\t\t\n\t\t\tclass=\"so-widget-sow-image so-widget-sow-image-default-a258e6bfa2d8-27\"\n\t\t\t\n\t\t>\n<div class=\"sow-image-container\">\n\t\t<img \n\tsrc=\"https:\/\/www.heattec.nl\/de\/wp-content\/uploads\/sites\/3\/2019\/01\/osby-parca-hot-water-boiler-with-bentone-biogas-burner-featured.jpg\" width=\"1024\" height=\"683\" srcset=\"https:\/\/www.heattec.nl\/de\/wp-content\/uploads\/sites\/3\/2019\/01\/osby-parca-hot-water-boiler-with-bentone-biogas-burner-featured.jpg 1024w, https:\/\/www.heattec.nl\/de\/wp-content\/uploads\/sites\/3\/2019\/01\/osby-parca-hot-water-boiler-with-bentone-biogas-burner-featured-300x200.jpg 300w, https:\/\/www.heattec.nl\/de\/wp-content\/uploads\/sites\/3\/2019\/01\/osby-parca-hot-water-boiler-with-bentone-biogas-burner-featured-768x512.jpg 768w, https:\/\/www.heattec.nl\/de\/wp-content\/uploads\/sites\/3\/2019\/01\/osby-parca-hot-water-boiler-with-bentone-biogas-burner-featured-272x182.jpg 272w\" sizes=\"(max-width: 1024px) 100vw, 1024px\" title=\"Osby Parca Warmwasserboiler mit Bentone-Biogasbrenner\" alt=\"Osby Parca Warmwasserboiler mit Bentone-Biogasbrenner\" \t\tclass=\"so-widget-image\"\/>\n\t<\/div>\n\n<\/div><\/div><\/div><\/div><\/div>","protected":false},"excerpt":{"rendered":"<p>Heattec biedt Dienstleistungen f\u00fcr die Probleme Ihrer bestehenden Verbrennung und Brenneranlagen. Wir schaffen dauerhafte L\u00f6sungen durch die Durchf\u00fchrung Brenner Erhebungen \u00fcber-setzen und die problematischen Teile auf Verlangen nachzuweisen. Service Die Effizienz und Zuverl\u00e4ssigkeit Ihres Brenners und daher Ihre Heizungsanlage sind in vielen F\u00e4llen Unternehmen von entscheidender Bedeutung. Es wird empfohlen, [&hellip;]<\/p>\n","protected":false},"author":1,"featured_media":0,"parent":23,"menu_order":0,"comment_status":"closed","ping_status":"closed","template":"page-fullwidth.php","meta":{"_acf_changed":false,"footnotes":""},"class_list":["post-27","page","type-page","status-publish","hentry"],"acf":[],"aioseo_notices":[],"_links":{"self":[{"href":"https:\/\/www.heattec.nl\/de\/wp-json\/wp\/v2\/pages\/27","targetHints":{"allow":["GET"]}}],"collection":[{"href":"https:\/\/www.heattec.nl\/de\/wp-json\/wp\/v2\/pages"}],"about":[{"href":"https:\/\/www.heattec.nl\/de\/wp-json\/wp\/v2\/types\/page"}],"author":[{"embeddable":true,"href":"https:\/\/www.heattec.nl\/de\/wp-json\/wp\/v2\/users\/1"}],"replies":[{"embeddable":true,"href":"https:\/\/www.heattec.nl\/de\/wp-json\/wp\/v2\/comments?post=27"}],"version-history":[{"count":8,"href":"https:\/\/www.heattec.nl\/de\/wp-json\/wp\/v2\/pages\/27\/revisions"}],"predecessor-version":[{"id":2381,"href":"https:\/\/www.heattec.nl\/de\/wp-json\/wp\/v2\/pages\/27\/revisions\/2381"}],"up":[{"embeddable":true,"href":"https:\/\/www.heattec.nl\/de\/wp-json\/wp\/v2\/pages\/23"}],"wp:attachment":[{"href":"https:\/\/www.heattec.nl\/de\/wp-json\/wp\/v2\/media?parent=27"}],"curies":[{"name":"wp","href":"https:\/\/api.w.org\/{rel}","templated":true}]}}