{"id":2510,"date":"2024-10-08T07:15:15","date_gmt":"2024-10-08T07:15:15","guid":{"rendered":"https:\/\/www.heattec.nl\/de\/?page_id=2510"},"modified":"2024-10-09T22:15:24","modified_gmt":"2024-10-09T22:15:24","slug":"prohydro","status":"publish","type":"page","link":"https:\/\/www.heattec.nl\/de\/brennertechnik\/prohydro\/","title":{"rendered":"proHydro"},"content":{"rendered":"<div id=\"pl-2510\"  class=\"panel-layout\" ><div id=\"pg-2510-0\"  class=\"panel-grid panel-no-style\" ><div id=\"pgc-2510-0-0\"  class=\"panel-grid-cell\" ><div id=\"panel-2510-0-0-0\" class=\"so-panel widget widget_sow-editor panel-first-child\" data-index=\"0\" ><div\n\t\t\t\n\t\t\tclass=\"so-widget-sow-editor so-widget-sow-editor-base\"\n\t\t\t\n\t\t>\n<div class=\"siteorigin-widget-tinymce textwidget\">\n\t<h2 style=\"text-align: center;\">On-site-Wasserstoffgenerator<\/h2>\n<p style=\"text-align: center;\">Heattec bietet eine zuverl\u00e4ssige Vor-Ort-Erzeugung von Wasserstoff f\u00fcr die Industrie, den Energiesektor und f\u00fcr Heizungsanwendungen an.<\/p>\n<p style=\"text-align: center;\">Unser emissionsfreier Elektrolyseur produziert Wasserstoff mit Hilfe der alkalischen Elektrolyse-Technologie und kann unter Mitteldruck arbeiten, was ihn im Vergleich zu herk\u00f6mmlichen Elektrolyseursystemen energie- und kosteneffizienter macht.<\/p>\n<p style=\"text-align: center;\">Unser System hat ein kompaktes, modulares Design, das weltweit einzigartig ist und erhebliche Kosten- und Umweltvorteile bietet.\u00a0 Mit einem einzelnen Stack von 30 kW bis zu 1,2 MW in hochgradig kundenspezifischen, auf Skids montierten L\u00f6sungen. Dank seiner modularen und kompakten Bauweise kann der Heattec-Wasserstoffgenerator leicht in bestehende Anlagen integriert werden, um die Kohlenstoffbilanz zu verbessern oder (lokal) erzeugten \u00d6kostrom zu nutzen.<\/p>\n<\/div>\n<\/div><\/div><div id=\"panel-2510-0-0-1\" class=\"so-panel widget widget_sow-image\" data-index=\"1\" ><div\n\t\t\t\n\t\t\tclass=\"so-widget-sow-image so-widget-sow-image-default-c67d20f9f743-2510\"\n\t\t\t\n\t\t>\n<div class=\"sow-image-container\">\n\t\t<img \n\tsrc=\"https:\/\/www.heattec.nl\/de\/wp-content\/uploads\/sites\/3\/2024\/10\/prohydro-on-site-wasserstoffgenerator-0.jpg\" width=\"1391\" height=\"965\" srcset=\"https:\/\/www.heattec.nl\/de\/wp-content\/uploads\/sites\/3\/2024\/10\/prohydro-on-site-wasserstoffgenerator-0.jpg 1391w, https:\/\/www.heattec.nl\/de\/wp-content\/uploads\/sites\/3\/2024\/10\/prohydro-on-site-wasserstoffgenerator-0-300x208.jpg 300w, https:\/\/www.heattec.nl\/de\/wp-content\/uploads\/sites\/3\/2024\/10\/prohydro-on-site-wasserstoffgenerator-0-1024x710.jpg 1024w, https:\/\/www.heattec.nl\/de\/wp-content\/uploads\/sites\/3\/2024\/10\/prohydro-on-site-wasserstoffgenerator-0-768x533.jpg 768w\" sizes=\"(max-width: 1391px) 100vw, 1391px\" title=\"proHydro Wasserstoffgenerator\" alt=\"\" \t\tclass=\"so-widget-image\"\/>\n\t<\/div>\n\n<\/div><\/div><div id=\"panel-2510-0-0-2\" class=\"so-panel widget widget_sow-editor panel-last-child\" data-index=\"2\" ><div\n\t\t\t\n\t\t\tclass=\"so-widget-sow-editor so-widget-sow-editor-base\"\n\t\t\t\n\t\t>\n<div class=\"siteorigin-widget-tinymce textwidget\">\n\t<h2 style=\"text-align: center;\">Kontaktieren Sie uns<\/h2>\n<p style=\"text-align: center;\">Sind Sie an den M\u00f6glichkeiten unseres On-Site-Wasserstoffgenerators interessiert oder m\u00f6chten Sie mehr dar\u00fcber erfahren, wie Heattec Ihnen helfen kann, Ihre Energieversorgung nachhaltiger zu gestalten? Z\u00f6gern Sie nicht, <a href=\"https:\/\/www.heattec.nl\/de\/uber-uns\/\">uns zu kontaktieren<\/a>. Unser Team steht bereit, um Sie \u00fcber die effizientesten und kosteng\u00fcnstigsten L\u00f6sungen f\u00fcr Ihre Situation zu beraten. Wir freuen uns darauf, gemeinsam mit Ihnen an einer nachhaltigen Zukunft zu arbeiten!<\/p>\n<\/div>\n<\/div><\/div><\/div><\/div><\/div>","protected":false},"excerpt":{"rendered":"<p>On-site-Wasserstoffgenerator Heattec bietet eine zuverl\u00e4ssige Vor-Ort-Erzeugung von Wasserstoff f\u00fcr die Industrie, den Energiesektor und f\u00fcr Heizungsanwendungen an. Unser emissionsfreier Elektrolyseur produziert Wasserstoff mit Hilfe der alkalischen Elektrolyse-Technologie und kann unter Mitteldruck arbeiten, was ihn im Vergleich zu herk\u00f6mmlichen Elektrolyseursystemen energie- und kosteneffizienter macht. Unser System hat ein kompaktes, modulares Design, [&hellip;]<\/p>\n","protected":false},"author":1,"featured_media":0,"parent":8,"menu_order":0,"comment_status":"closed","ping_status":"closed","template":"","meta":{"_acf_changed":false,"footnotes":""},"class_list":["post-2510","page","type-page","status-publish","hentry"],"acf":[],"aioseo_notices":[],"_links":{"self":[{"href":"https:\/\/www.heattec.nl\/de\/wp-json\/wp\/v2\/pages\/2510","targetHints":{"allow":["GET"]}}],"collection":[{"href":"https:\/\/www.heattec.nl\/de\/wp-json\/wp\/v2\/pages"}],"about":[{"href":"https:\/\/www.heattec.nl\/de\/wp-json\/wp\/v2\/types\/page"}],"author":[{"embeddable":true,"href":"https:\/\/www.heattec.nl\/de\/wp-json\/wp\/v2\/users\/1"}],"replies":[{"embeddable":true,"href":"https:\/\/www.heattec.nl\/de\/wp-json\/wp\/v2\/comments?post=2510"}],"version-history":[{"count":4,"href":"https:\/\/www.heattec.nl\/de\/wp-json\/wp\/v2\/pages\/2510\/revisions"}],"predecessor-version":[{"id":2516,"href":"https:\/\/www.heattec.nl\/de\/wp-json\/wp\/v2\/pages\/2510\/revisions\/2516"}],"up":[{"embeddable":true,"href":"https:\/\/www.heattec.nl\/de\/wp-json\/wp\/v2\/pages\/8"}],"wp:attachment":[{"href":"https:\/\/www.heattec.nl\/de\/wp-json\/wp\/v2\/media?parent=2510"}],"curies":[{"name":"wp","href":"https:\/\/api.w.org\/{rel}","templated":true}]}}