{"id":23,"date":"2016-10-22T14:07:32","date_gmt":"2016-10-22T14:07:32","guid":{"rendered":"https:\/\/www.heattec.nl\/de\/?page_id=23"},"modified":"2022-05-15T00:05:55","modified_gmt":"2022-05-15T00:05:55","slug":"service-wartung","status":"publish","type":"page","link":"https:\/\/www.heattec.nl\/de\/service-wartung\/","title":{"rendered":"Service &#038; Wartung"},"content":{"rendered":"<div id=\"pl-23\"  class=\"panel-layout\" ><div id=\"pg-23-0\"  class=\"panel-grid panel-no-style\" ><div id=\"pgc-23-0-0\"  class=\"panel-grid-cell\" ><div id=\"panel-23-0-0-0\" class=\"so-panel widget widget_sow-editor panel-first-child panel-last-child\" data-index=\"0\" ><div\n\t\t\t\n\t\t\tclass=\"so-widget-sow-editor so-widget-sow-editor-base\"\n\t\t\t\n\t\t>\n<div class=\"siteorigin-widget-tinymce textwidget\">\n\t<p>Heattec ist \u00fcberdies spezialisiert auf Service und die Wartung an verschiedensten industriellen Ofeninstallationen. Wir verf\u00fcgen \u00fcber die notwendigen spezialistischen Kenntnisse und die Erfahrung, um eine einwandfreie Wartung an industriellen \u00d6fen zu gew\u00e4hrleisten. Unsere Flexibilit\u00e4t aufdiesem Gebiet h\u00e4lt Ihre Installation jahrelang kosteng\u00fcnstig in Betrieb.<\/p>\n<\/div>\n<\/div><\/div><\/div><\/div><div id=\"pg-23-1\"  class=\"panel-grid panel-no-style\" ><div id=\"pgc-23-1-0\"  class=\"panel-grid-cell\" ><div id=\"panel-23-1-0-0\" class=\"so-panel widget widget_sow-editor panel-first-child panel-last-child\" data-index=\"1\" ><div\n\t\t\t\n\t\t\tclass=\"so-widget-sow-editor so-widget-sow-editor-base\"\n\t\t\t\n\t\t>\n<div class=\"siteorigin-widget-tinymce textwidget\">\n\t<h2>Unsere Service-Abteilung kann Ihnen \u00fcberdies noch Folgendes anbieten:<\/h2>\n<\/div>\n<\/div><\/div><\/div><\/div><div id=\"pg-23-2\"  class=\"panel-grid panel-no-style\" ><div id=\"pgc-23-2-0\"  class=\"panel-grid-cell\" ><div id=\"panel-23-2-0-0\" class=\"so-panel widget widget_sow-editor panel-first-child panel-last-child\" data-index=\"2\" ><div\n\t\t\t\n\t\t\tclass=\"so-widget-sow-editor so-widget-sow-editor-base\"\n\t\t\t\n\t\t>\n<div class=\"siteorigin-widget-tinymce textwidget\">\n\t<ul class=\"levering_list\">\n<li>Service, Wartung und Revision von feuerfester und keramischer Isolation<\/li>\n<li>Service, und Wartung von industriellen Brennersystemen<\/li>\n<li>Mechanische und elektrische Wartung sowie Wartung an der Mess- und Regeltechnik, Ofeninstallationen und Ofentransportsystemen, ungeachtet des Alters oder des Fabrikats<\/li>\n<li>Temperaturkalibrierung von \"discontinue\"-Ofensystemen<\/li>\n<li>Optimalisierung von Ofenprozessen und Installationen<\/li>\n<li>Herstellung und lieferung von Heizungselementen, Ofenteilen und Ersatzteilen<\/li>\n<\/ul>\n<\/div>\n<\/div><\/div><\/div><div id=\"pgc-23-2-1\"  class=\"panel-grid-cell\" ><div id=\"panel-23-2-1-0\" class=\"so-panel widget widget_sow-image panel-first-child panel-last-child\" data-index=\"3\" ><div\n\t\t\t\n\t\t\tclass=\"so-widget-sow-image so-widget-sow-image-default-8b5b6f678277-23\"\n\t\t\t\n\t\t>\n<div class=\"sow-image-container\">\n\t\t<img \n\tsrc=\"https:\/\/www.heattec.nl\/de\/wp-content\/uploads\/sites\/3\/2016\/10\/onderhoud.jpg\" width=\"2100\" height=\"1575\" srcset=\"https:\/\/www.heattec.nl\/de\/wp-content\/uploads\/sites\/3\/2016\/10\/onderhoud.jpg 2100w, https:\/\/www.heattec.nl\/de\/wp-content\/uploads\/sites\/3\/2016\/10\/onderhoud-300x225.jpg 300w, https:\/\/www.heattec.nl\/de\/wp-content\/uploads\/sites\/3\/2016\/10\/onderhoud-768x576.jpg 768w, https:\/\/www.heattec.nl\/de\/wp-content\/uploads\/sites\/3\/2016\/10\/onderhoud-1024x768.jpg 1024w\" sizes=\"(max-width: 2100px) 100vw, 2100px\" title=\"ddd\" alt=\"\" \t\tclass=\"so-widget-image\"\/>\n\t<\/div>\n\n<\/div><\/div><\/div><\/div><div id=\"pg-23-3\"  class=\"panel-grid panel-no-style\" ><div id=\"pgc-23-3-0\"  class=\"panel-grid-cell\" ><div id=\"panel-23-3-0-0\" class=\"so-panel widget widget_sow-editor panel-first-child\" data-index=\"4\" ><div class=\"panel-widget-style panel-widget-style-for-23-3-0-0\" ><div\n\t\t\t\n\t\t\tclass=\"so-widget-sow-editor so-widget-sow-editor-base\"\n\t\t\t\n\t\t>\n<div class=\"siteorigin-widget-tinymce textwidget\">\n\t<p>Unser Service und die Wartung spezialisieren sich insbesondere auf Ofeninstallationen von Calmatech, Gemco Furnaces, Smit Ofen und Sinus Aben Heattechnology, doch sind uns Arbeiten an Ofeninstallationen von andere Fabrikanten absolut nicht fremd.<\/p>\n<p><a href=\"https:\/\/www.calmatechds.com\/\" target=\"_blank\" rel=\"noopener\"><img loading=\"lazy\" decoding=\"async\" class=\"size-full wp-image-1928 aligncenter\" src=\"https:\/\/www.heattec.nl\/wp-content\/uploads\/2019\/03\/logo-calmatech-e1553953428775.jpg\" alt=\"\" width=\"265\" height=\"95\" \/><\/a><\/p>\n<p>Unser Kundendienst steht Ihnen 24 Stunden am Tag zur Verf\u00fcgung. Mit sehr kurzer Responszeit k\u00f6nnen wir bei Ihnen St\u00f6rungen auf ofentechnischem Gebiet beheben.<\/p>\n<\/div>\n<\/div><\/div><\/div><div id=\"panel-23-3-0-1\" class=\"so-panel widget widget_sow-button panel-last-child\" data-index=\"5\" ><div class=\"panel-widget-style panel-widget-style-for-23-3-0-1\" ><div\n\t\t\t\n\t\t\tclass=\"so-widget-sow-button so-widget-sow-button-flat-080f30a927bf-23\"\n\t\t\t\n\t\t><div class=\"ow-button-base ow-button-align-center\"\n>\n\t\t\t<a\n\t\t\t\t\thref=\"https:\/\/www.heattec.nl\/de\/uber-uns\/\"\n\t\t\t\t\tclass=\"sowb-button ow-icon-placement-left\" \t>\n\t\t<span>\n\t\t\t\n\t\t\tKontakt\t\t<\/span>\n\t\t\t<\/a>\n\t<\/div>\n<\/div><\/div><\/div><\/div><\/div><\/div>","protected":false},"excerpt":{"rendered":"<p>Heattec ist \u00fcberdies spezialisiert auf Service und die Wartung an verschiedensten industriellen Ofeninstallationen. Wir verf\u00fcgen \u00fcber die notwendigen spezialistischen Kenntnisse und die Erfahrung, um eine einwandfreie Wartung an industriellen \u00d6fen zu gew\u00e4hrleisten. Unsere Flexibilit\u00e4t aufdiesem Gebiet h\u00e4lt Ihre Installation jahrelang kosteng\u00fcnstig in Betrieb. Unsere Service-Abteilung kann Ihnen \u00fcberdies noch Folgendes [&hellip;]<\/p>\n","protected":false},"author":1,"featured_media":0,"parent":0,"menu_order":0,"comment_status":"closed","ping_status":"closed","template":"page-fullwidth.php","meta":{"_acf_changed":false,"footnotes":""},"class_list":["post-23","page","type-page","status-publish","hentry"],"acf":[],"aioseo_notices":[],"_links":{"self":[{"href":"https:\/\/www.heattec.nl\/de\/wp-json\/wp\/v2\/pages\/23","targetHints":{"allow":["GET"]}}],"collection":[{"href":"https:\/\/www.heattec.nl\/de\/wp-json\/wp\/v2\/pages"}],"about":[{"href":"https:\/\/www.heattec.nl\/de\/wp-json\/wp\/v2\/types\/page"}],"author":[{"embeddable":true,"href":"https:\/\/www.heattec.nl\/de\/wp-json\/wp\/v2\/users\/1"}],"replies":[{"embeddable":true,"href":"https:\/\/www.heattec.nl\/de\/wp-json\/wp\/v2\/comments?post=23"}],"version-history":[{"count":12,"href":"https:\/\/www.heattec.nl\/de\/wp-json\/wp\/v2\/pages\/23\/revisions"}],"predecessor-version":[{"id":2363,"href":"https:\/\/www.heattec.nl\/de\/wp-json\/wp\/v2\/pages\/23\/revisions\/2363"}],"wp:attachment":[{"href":"https:\/\/www.heattec.nl\/de\/wp-json\/wp\/v2\/media?parent=23"}],"curies":[{"name":"wp","href":"https:\/\/api.w.org\/{rel}","templated":true}]}}