{"id":18,"date":"2016-10-22T14:05:55","date_gmt":"2016-10-22T14:05:55","guid":{"rendered":"https:\/\/www.heattec.nl\/de\/?page_id=18"},"modified":"2016-11-27T13:12:08","modified_gmt":"2016-11-27T13:12:08","slug":"uber-uns","status":"publish","type":"page","link":"https:\/\/www.heattec.nl\/de\/uber-uns\/","title":{"rendered":"\u00dcber uns"},"content":{"rendered":"<p>Heattec ist ein f\u00fchrender Designer und Hersteller von industriellen Ofeninstallationen. Selbstverst\u00e4ndlich verf\u00fcgen wir \u00fcber die notwendigen Kenntnisse und die Erfahrung auf dem Gebiet von industriellem Ofenbau und Brennertechnologien.<\/p>\n<p>Die Grundlage daf\u00fcr stammt von f\u00fchrenden niederl\u00e4ndischen industriellen Ofenbaubetrieben. Unsere Betriebsphilosophie stellt &#8220;das Entwerfen von auf den jeweiligen Betriebsprozess spezifisch angepassten Ofeninstallationen &#8221; zentral. Heattec, kann bereits vor dem Bau der Ofeninstallationen bestimmte Ofenprozesse festlegen. Daf\u00fcr stehen uns Simulationsprogramme zur Verf\u00fcgung, womit wir W\u00e4rme- und Luftstr\u00f6mungen in der zuk\u00fcnftigen Ofeninstallation berechnen k\u00f6nnen.<\/p>\n<h2>Kontakt Heattec<\/h2>\n\n<div class=\"wpcf7 no-js\" id=\"wpcf7-f135-o1\" lang=\"nl-NL\" dir=\"ltr\" data-wpcf7-id=\"135\">\n<div class=\"screen-reader-response\"><p role=\"status\" aria-live=\"polite\" aria-atomic=\"true\"><\/p> <ul><\/ul><\/div>\n<form action=\"\/de\/wp-json\/wp\/v2\/pages\/18#wpcf7-f135-o1\" method=\"post\" class=\"wpcf7-form init\" aria-label=\"Contactformulier\" novalidate=\"novalidate\" data-status=\"init\">\n<fieldset class=\"hidden-fields-container\"><input type=\"hidden\" name=\"_wpcf7\" value=\"135\" \/><input type=\"hidden\" name=\"_wpcf7_version\" value=\"6.1.5\" \/><input type=\"hidden\" name=\"_wpcf7_locale\" value=\"nl_NL\" \/><input type=\"hidden\" name=\"_wpcf7_unit_tag\" value=\"wpcf7-f135-o1\" \/><input type=\"hidden\" name=\"_wpcf7_container_post\" value=\"0\" \/><input type=\"hidden\" name=\"_wpcf7_posted_data_hash\" value=\"\" \/>\n<\/fieldset>\n<div class=\"heattec-contact\">\n\t<div class=\"heattec-contact-left\">\n\t\t<p>Name\n\t\t<\/p>\n\t\t<p><span class=\"wpcf7-form-control-wrap\" data-name=\"your-name\"><input size=\"40\" maxlength=\"400\" class=\"wpcf7-form-control wpcf7-text wpcf7-validates-as-required\" aria-required=\"true\" aria-invalid=\"false\" value=\"\" type=\"text\" name=\"your-name\" \/><\/span>\n\t\t<\/p>\n\t\t<p>E-Mail\n\t\t<\/p>\n\t\t<p><span class=\"wpcf7-form-control-wrap\" data-name=\"your-email\"><input size=\"40\" maxlength=\"400\" class=\"wpcf7-form-control wpcf7-email wpcf7-validates-as-required wpcf7-text wpcf7-validates-as-email\" aria-required=\"true\" aria-invalid=\"false\" value=\"\" type=\"email\" name=\"your-email\" \/><\/span>\n\t\t<\/p>\n\t\t<p>Telefonnummer\n\t\t<\/p>\n\t\t<p><span class=\"wpcf7-form-control-wrap\" data-name=\"tel-489\"><input size=\"40\" maxlength=\"400\" class=\"wpcf7-form-control wpcf7-tel wpcf7-text wpcf7-validates-as-tel\" aria-invalid=\"false\" value=\"\" type=\"tel\" name=\"tel-489\" \/><\/span>\n\t\t<\/p>\n\t<\/div>\n\t<div class=\"heattec-contact-right\">\n\t\t<p>Nachricht\n\t\t<\/p>\n\t\t<p><span class=\"wpcf7-form-control-wrap\" data-name=\"your-message\"><textarea cols=\"40\" rows=\"10\" maxlength=\"2000\" class=\"wpcf7-form-control wpcf7-textarea\" aria-invalid=\"false\" name=\"your-message\"><\/textarea><\/span>\n\t\t<\/p>\n\t<\/div>\n\t<div class=\"heattec-contact-submit\">\n\t\t<div class=\"cf7-cf-turnstile\" style=\"margin-top: 0px; margin-bottom: -15px;\"> <div id=\"cf-turnstile-cf7-264393338\" class=\"cf-turnstile\" data-sitekey=\"0x4AAAAAAA8Aj5DziirKLoTM\" data-theme=\"light\" data-language=\"auto\" data-size=\"normal\" data-retry=\"auto\" data-retry-interval=\"1000\" data-refresh-expired=\"auto\" data-action=\"contact-form-7\" data-appearance=\"always\"><\/div> <script>document.addEventListener(\"DOMContentLoaded\", function() { setTimeout(function(){ var e=document.getElementById(\"cf-turnstile-cf7-264393338\"); e&&!e.innerHTML.trim()&&(turnstile.remove(\"#cf-turnstile-cf7-264393338\"), turnstile.render(\"#cf-turnstile-cf7-264393338\", {sitekey:\"0x4AAAAAAA8Aj5DziirKLoTM\"})); }, 100); });<\/script> <br class=\"cf-turnstile-br cf-turnstile-br-cf7-264393338\"> <style>#cf-turnstile-cf7-264393338 { margin-left: -15px; }<\/style> <script>document.addEventListener(\"DOMContentLoaded\",function(){document.querySelectorAll('.wpcf7-form').forEach(function(e){e.addEventListener('submit',function(){if(document.getElementById('cf-turnstile-cf7-264393338')){setTimeout(function(){turnstile.reset('#cf-turnstile-cf7-264393338');},1000)}})})});<\/script> <\/div><br\/><input class=\"wpcf7-form-control wpcf7-submit has-spinner\" type=\"submit\" value=\"Absenden\" \/>\n\t\t<\/p>\n\t<\/div>\n<\/div><div class=\"wpcf7-response-output\" aria-hidden=\"true\"><\/div>\n<\/form>\n<\/div>\n\n","protected":false},"excerpt":{"rendered":"<p>Heattec ist ein f\u00fchrender Designer und Hersteller von industriellen Ofeninstallationen. Selbstverst\u00e4ndlich verf\u00fcgen wir \u00fcber die notwendigen Kenntnisse und die Erfahrung auf dem Gebiet von industriellem Ofenbau und Brennertechnologien. Die Grundlage daf\u00fcr stammt von f\u00fchrenden niederl\u00e4ndischen industriellen Ofenbaubetrieben. Unsere Betriebsphilosophie stellt &#8220;das Entwerfen von auf den jeweiligen Betriebsprozess spezifisch angepassten Ofeninstallationen [&hellip;]<\/p>\n","protected":false},"author":1,"featured_media":0,"parent":0,"menu_order":0,"comment_status":"closed","ping_status":"closed","template":"page-fullwidth.php","meta":{"_acf_changed":false,"footnotes":""},"class_list":["post-18","page","type-page","status-publish","hentry"],"acf":[],"aioseo_notices":[],"_links":{"self":[{"href":"https:\/\/www.heattec.nl\/de\/wp-json\/wp\/v2\/pages\/18","targetHints":{"allow":["GET"]}}],"collection":[{"href":"https:\/\/www.heattec.nl\/de\/wp-json\/wp\/v2\/pages"}],"about":[{"href":"https:\/\/www.heattec.nl\/de\/wp-json\/wp\/v2\/types\/page"}],"author":[{"embeddable":true,"href":"https:\/\/www.heattec.nl\/de\/wp-json\/wp\/v2\/users\/1"}],"replies":[{"embeddable":true,"href":"https:\/\/www.heattec.nl\/de\/wp-json\/wp\/v2\/comments?post=18"}],"version-history":[{"count":5,"href":"https:\/\/www.heattec.nl\/de\/wp-json\/wp\/v2\/pages\/18\/revisions"}],"predecessor-version":[{"id":136,"href":"https:\/\/www.heattec.nl\/de\/wp-json\/wp\/v2\/pages\/18\/revisions\/136"}],"wp:attachment":[{"href":"https:\/\/www.heattec.nl\/de\/wp-json\/wp\/v2\/media?parent=18"}],"curies":[{"name":"wp","href":"https:\/\/api.w.org\/{rel}","templated":true}]}}