{"id":16,"date":"2016-10-22T14:05:38","date_gmt":"2016-10-22T14:05:38","guid":{"rendered":"https:\/\/www.heattec.nl\/de\/?page_id=16"},"modified":"2022-11-26T12:31:23","modified_gmt":"2022-11-26T12:31:23","slug":"pulverbeschichtungsanlagen","status":"publish","type":"page","link":"https:\/\/www.heattec.nl\/de\/ofenanlagen\/pulverbeschichtungsanlagen\/","title":{"rendered":"Pulverbeschichtungsanlagen"},"content":{"rendered":"<div id=\"pl-16\"  class=\"panel-layout\" ><div id=\"pg-16-0\"  class=\"panel-grid panel-no-style\" ><div id=\"pgc-16-0-0\"  class=\"panel-grid-cell\" ><div id=\"panel-16-0-0-0\" class=\"so-panel widget widget_sow-editor panel-first-child panel-last-child\" data-index=\"0\" ><div\n\t\t\t\n\t\t\tclass=\"so-widget-sow-editor so-widget-sow-editor-base\"\n\t\t\t\n\t\t>\n<div class=\"siteorigin-widget-tinymce textwidget\">\n\t<p style=\"text-align: left;\">Heattec ist der exklusive Lieferant von industriellen Pulverbeschichtung Ausr\u00fcstung, einschlie\u00dflich Ofenanlagen.<\/p>\n<h2 style=\"text-align: left;\">Trockenofen f\u00fcr die Pulverbeschichtung<\/h2>\n<p style=\"text-align: left;\">Wir bei Heattec wurden als eine der f\u00fchrenden Industrieofenbauer bekannt. Wir k\u00f6nnen f\u00fcr die verschiedensten Branchen, einschlie\u00dflich Pulverbeschichtung Ofen, die zum Trocknen geeignet sind, Einbrennen und Metalle, Kunststoffe und Verbundmaterialien zu erhalten.<\/p>\n<p style=\"text-align: left;\">F\u00fcr eine Pulverbeschichtungs- Ofenanlage, auch mit allen notwendigen Peripherieger\u00e4te, wie zum Beispiel: Pulverbeschichtung Handspritzen, Reinigungsanlagen, Spritzkabinen und Transportanlagen, alle Produkte, die perfekt auf Ihre spezifischen Gesch\u00e4fts werden.<\/p>\n<\/div>\n<\/div><\/div><\/div><div id=\"pgc-16-0-1\"  class=\"panel-grid-cell\" ><div id=\"panel-16-0-1-0\" class=\"so-panel widget widget_sow-slider panel-first-child panel-last-child\" data-index=\"1\" ><div\n\t\t\t\n\t\t\tclass=\"so-widget-sow-slider so-widget-sow-slider-default-6d39609536fd-16\"\n\t\t\t\n\t\t>\t\t\t\t<div class=\"sow-slider-base\" style=\"display: none\" tabindex=\"0\">\n\t\t\t\t\t<ul\n\t\t\t\t\tclass=\"sow-slider-images\"\n\t\t\t\t\tdata-settings=\"{&quot;pagination&quot;:true,&quot;speed&quot;:800,&quot;timeout&quot;:8000,&quot;paused&quot;:false,&quot;pause_on_hover&quot;:false,&quot;swipe&quot;:true,&quot;nav_always_show_desktop&quot;:&quot;&quot;,&quot;nav_always_show_mobile&quot;:&quot;&quot;,&quot;breakpoint&quot;:&quot;780px&quot;,&quot;unmute&quot;:false,&quot;anchor&quot;:null}\"\n\t\t\t\t\t\t\t\t\t\tdata-anchor-id=\"\"\n\t\t\t\t>\t\t<li class=\"sow-slider-image\" style=\"visibility: visible;\" >\n\t\t\t\t\t\t<div class=\"sow-slider-image-container\">\n\t\t\t\t<div class=\"sow-slider-image-wrapper\" style=\"max-width: 440px\">\n\t\t\t\t\t\t\t\t\t\t<div class=\"sow-slider-image-foreground-wrapper\">\n\t\t\t\t\t\t<img loading=\"lazy\" decoding=\"async\" width=\"440\" height=\"440\" src=\"https:\/\/www.heattec.nl\/de\/wp-content\/uploads\/sites\/3\/2016\/10\/sls-9o_s-1.jpg\" class=\"sow-slider-foreground-image\" alt=\"\" style=\"\" srcset=\"https:\/\/www.heattec.nl\/de\/wp-content\/uploads\/sites\/3\/2016\/10\/sls-9o_s-1.jpg 440w, https:\/\/www.heattec.nl\/de\/wp-content\/uploads\/sites\/3\/2016\/10\/sls-9o_s-1-150x150.jpg 150w, https:\/\/www.heattec.nl\/de\/wp-content\/uploads\/sites\/3\/2016\/10\/sls-9o_s-1-300x300.jpg 300w\" sizes=\"auto, (max-width: 440px) 100vw, 440px\" \/>\t\t\t\t\t<\/div>\n\t\t\t\t\t\t\t\t\t<\/div>\n\t\t\t<\/div>\n\t\t\t\t\t<\/li>\n\t\t\t\t<li class=\"sow-slider-image\" style=\"visibility: hidden;\" >\n\t\t\t\t\t\t<div class=\"sow-slider-image-container\">\n\t\t\t\t<div class=\"sow-slider-image-wrapper\" style=\"max-width: 440px\">\n\t\t\t\t\t\t\t\t\t\t<div class=\"sow-slider-image-foreground-wrapper\">\n\t\t\t\t\t\t<img loading=\"lazy\" decoding=\"async\" width=\"440\" height=\"440\" src=\"https:\/\/www.heattec.nl\/de\/wp-content\/uploads\/sites\/3\/2016\/10\/kpo-3os-1.jpg\" class=\"sow-slider-foreground-image\" alt=\"\" style=\"\" srcset=\"https:\/\/www.heattec.nl\/de\/wp-content\/uploads\/sites\/3\/2016\/10\/kpo-3os-1.jpg 440w, https:\/\/www.heattec.nl\/de\/wp-content\/uploads\/sites\/3\/2016\/10\/kpo-3os-1-150x150.jpg 150w, https:\/\/www.heattec.nl\/de\/wp-content\/uploads\/sites\/3\/2016\/10\/kpo-3os-1-300x300.jpg 300w\" sizes=\"auto, (max-width: 440px) 100vw, 440px\" \/>\t\t\t\t\t<\/div>\n\t\t\t\t\t\t\t\t\t<\/div>\n\t\t\t<\/div>\n\t\t\t\t\t<\/li>\n\t\t\t\t<li class=\"sow-slider-image\" style=\"visibility: hidden;\" >\n\t\t\t\t\t\t<div class=\"sow-slider-image-container\">\n\t\t\t\t<div class=\"sow-slider-image-wrapper\" style=\"max-width: 1000px\">\n\t\t\t\t\t\t\t\t\t\t<div class=\"sow-slider-image-foreground-wrapper\">\n\t\t\t\t\t\t<img loading=\"lazy\" decoding=\"async\" width=\"1000\" height=\"1000\" src=\"https:\/\/www.heattec.nl\/de\/wp-content\/uploads\/sites\/3\/2022\/11\/romer-profispray-v-2022.jpg\" class=\"sow-slider-foreground-image\" alt=\"Romer ProfiSpray V Applicator\" style=\"\" srcset=\"https:\/\/www.heattec.nl\/de\/wp-content\/uploads\/sites\/3\/2022\/11\/romer-profispray-v-2022.jpg 1000w, https:\/\/www.heattec.nl\/de\/wp-content\/uploads\/sites\/3\/2022\/11\/romer-profispray-v-2022-300x300.jpg 300w, https:\/\/www.heattec.nl\/de\/wp-content\/uploads\/sites\/3\/2022\/11\/romer-profispray-v-2022-150x150.jpg 150w, https:\/\/www.heattec.nl\/de\/wp-content\/uploads\/sites\/3\/2022\/11\/romer-profispray-v-2022-768x768.jpg 768w, https:\/\/www.heattec.nl\/de\/wp-content\/uploads\/sites\/3\/2022\/11\/romer-profispray-v-2022-24x24.jpg 24w, https:\/\/www.heattec.nl\/de\/wp-content\/uploads\/sites\/3\/2022\/11\/romer-profispray-v-2022-48x48.jpg 48w, https:\/\/www.heattec.nl\/de\/wp-content\/uploads\/sites\/3\/2022\/11\/romer-profispray-v-2022-96x96.jpg 96w\" sizes=\"auto, (max-width: 1000px) 100vw, 1000px\" \/>\t\t\t\t\t<\/div>\n\t\t\t\t\t\t\t\t\t<\/div>\n\t\t\t<\/div>\n\t\t\t\t\t<\/li>\n\t\t<\/ul>\t\t\t\t<ol class=\"sow-slider-pagination\">\n\t\t\t\t\t\t\t\t\t\t\t<li><a href=\"#\" data-goto=\"0\" aria-label=\"Display slide 1\"><\/a><\/li>\n\t\t\t\t\t\t\t\t\t\t\t<li><a href=\"#\" data-goto=\"1\" aria-label=\"Display slide 2\"><\/a><\/li>\n\t\t\t\t\t\t\t\t\t\t\t<li><a href=\"#\" data-goto=\"2\" aria-label=\"Display slide 3\"><\/a><\/li>\n\t\t\t\t\t\t\t\t\t<\/ol>\n\n\t\t\t\t<div class=\"sow-slide-nav sow-slide-nav-next\">\n\t\t\t\t\t<a href=\"#\" data-goto=\"next\" aria-label=\"Next slide\" data-action=\"next\">\n\t\t\t\t\t\t<em class=\"sow-sld-icon-thin-right\"><\/em>\n\t\t\t\t\t<\/a>\n\t\t\t\t<\/div>\n\n\t\t\t\t<div class=\"sow-slide-nav sow-slide-nav-prev\">\n\t\t\t\t\t<a href=\"#\" data-goto=\"previous\" aria-label=\"Previous slide\" data-action=\"prev\">\n\t\t\t\t\t\t<em class=\"sow-sld-icon-thin-left\"><\/em>\n\t\t\t\t\t<\/a>\n\t\t\t\t<\/div>\n\t\t\t\t<\/div><\/div><\/div><\/div><\/div><div id=\"pg-16-1\"  class=\"panel-grid panel-no-style\" ><div id=\"pgc-16-1-0\"  class=\"panel-grid-cell\" ><div id=\"panel-16-1-0-0\" class=\"so-panel widget widget_sow-editor panel-first-child panel-last-child\" data-index=\"2\" ><div\n\t\t\t\n\t\t\tclass=\"so-widget-sow-editor so-widget-sow-editor-base\"\n\t\t\t\n\t\t>\n<div class=\"siteorigin-widget-tinymce textwidget\">\n\t<p><iframe loading=\"lazy\" width=\"100%\" height=\"415\" src=\"https:\/\/www.youtube.com\/embed\/5HBpxP5z5oo\" frameborder=\"0\" allowfullscreen><\/iframe><\/p>\n<\/div>\n<\/div><\/div><\/div><\/div><div id=\"pg-16-2\"  class=\"panel-grid panel-no-style\" ><div id=\"pgc-16-2-0\"  class=\"panel-grid-cell\" ><div id=\"panel-16-2-0-0\" class=\"so-panel widget widget_sow-editor panel-first-child panel-last-child\" data-index=\"3\" ><div\n\t\t\t\n\t\t\tclass=\"so-widget-sow-editor so-widget-sow-editor-base\"\n\t\t\t\n\t\t>\n<div class=\"siteorigin-widget-tinymce textwidget\">\n\t<div class=\"su-table su-table-alternate\"><\/p>\n<div class=\"tech-table\">\n<table class=\"leveringen_table\">\n<tbody>\n<tr>\n<td colspan=\"6\">\n<h2>Standardgr\u00f6\u00dfen Pulverbeschichtungsofen<\/h2>\n<\/td>\n<\/tr>\n<tr>\n<td colspan=\"1\"><b>Type model<\/b><\/td>\n<td colspan=\"1\"><b>Abmessungen innen* (mm)<\/b><\/td>\n<td colspan=\"1\"><b>Abmessungen au\u00dfen* (mm)<\/b><\/td>\n<td colspan=\"1\"><b>Leistung (kW)<\/b><\/td>\n<td colspan=\"1\"><b>Anzahl von Heizelementen<\/b><\/td>\n<td colspan=\"1\"><b>Anzahl von Ventilatoren<\/b><\/td>\n<\/tr>\n<tr>\n<td>SLS-9O<\/td>\n<td>W1200 H1800 D1600<\/td>\n<td>W1560 H2410 D1800<\/td>\n<td>9-15<\/td>\n<td>1<\/td>\n<td>1<\/td>\n<\/tr>\n<tr>\n<td>SLS-18O<\/td>\n<td>W1200 H1800 D2500<\/td>\n<td>W1560 H2410 D2700<\/td>\n<td>18<\/td>\n<td>2<\/td>\n<td>1<\/td>\n<\/tr>\n<tr>\n<td>SLS-27O<\/td>\n<td>W1200 H1800 D3000<\/td>\n<td>W1560 H2410 D3200<\/td>\n<td>30<\/td>\n<td>2<\/td>\n<td>1<\/td>\n<\/tr>\n<tr>\n<td>SLS-36O<\/td>\n<td>W1200 H1800 D4000<\/td>\n<td>W1560 H2410 D4200<\/td>\n<td>30-45<\/td>\n<td>3<\/td>\n<td>1<\/td>\n<\/tr>\n<tr>\n<td>SLS-45O<\/td>\n<td>W1200 H1800 D5000<\/td>\n<td>W1560 H2410 D5200<\/td>\n<td>45-60<\/td>\n<td>3-4<\/td>\n<td>2<\/td>\n<\/tr>\n<tr>\n<td>SLS-54O<\/td>\n<td>W1200 H1800 D6000<\/td>\n<td>W1560 H2410 D6200<\/td>\n<td>60-75<\/td>\n<td>4-5<\/td>\n<td>2<\/td>\n<\/tr>\n<tr>\n<td>SLS-70O<\/td>\n<td>W1200 H1800 D8000<\/td>\n<td>W1560 H2410 D8200<\/td>\n<td>75-90<\/td>\n<td>5-6<\/td>\n<td>3<\/td>\n<\/tr>\n<tr>\n<td>SLS-120O<\/td>\n<td>W1200 H1800 D11800<\/td>\n<td>W1560 H2410 D12000<\/td>\n<td>120<\/td>\n<td>8<\/td>\n<td>4<\/td>\n<\/tr>\n<tr>\n<td colspan=\"6\">*andere Gr\u00f6\u00dfen auf Anfrage<\/td>\n<\/tr>\n<\/tbody>\n<\/table>\n<\/div>\n<p><\/div>\n<\/div>\n<\/div><\/div><\/div><\/div><div id=\"pg-16-3\"  class=\"panel-grid panel-no-style\" ><div id=\"pgc-16-3-0\"  class=\"panel-grid-cell\" ><div id=\"panel-16-3-0-0\" class=\"so-panel widget widget_sow-editor panel-first-child panel-last-child\" data-index=\"4\" ><div class=\"footer-block panel-widget-style panel-widget-style-for-16-3-0-0\" ><div\n\t\t\t\n\t\t\tclass=\"so-widget-sow-editor so-widget-sow-editor-base\"\n\t\t\t\n\t\t>\n<div class=\"siteorigin-widget-tinymce textwidget\">\n\t<h1>Besuchen Sie unsere Web-Shop mit Pulverbeschichtigungsanlage<\/h1>\n<p><a href=\"http:\/\/romerpp.pl\/lang-nl\/\" target=\"_blank\" class=\"call-to-action\"><br \/>\n<button class=\"animate-plus animated fadeIn\" data-animations=\"fadeIn\" data-animation-when-visible=\"true\" data-animation-delay=\"0.2s\" data-animation-group=\"_1\" style=\"animation-delay: 0.2s; display: inline-block;\">GEHEN SIE AUF DIE WEBSEITE<\/button><\/a><\/p>\n<\/div>\n<\/div><\/div><\/div><\/div><\/div><\/div>","protected":false},"excerpt":{"rendered":"<p>Heattec ist der exklusive Lieferant von industriellen Pulverbeschichtung Ausr\u00fcstung, einschlie\u00dflich Ofenanlagen. Trockenofen f\u00fcr die Pulverbeschichtung Wir bei Heattec wurden als eine der f\u00fchrenden Industrieofenbauer bekannt. Wir k\u00f6nnen f\u00fcr die verschiedensten Branchen, einschlie\u00dflich Pulverbeschichtung Ofen, die zum Trocknen geeignet sind, Einbrennen und Metalle, Kunststoffe und Verbundmaterialien zu erhalten. F\u00fcr eine Pulverbeschichtungs- [&hellip;]<\/p>\n","protected":false},"author":1,"featured_media":0,"parent":12,"menu_order":0,"comment_status":"closed","ping_status":"closed","template":"page-fullwidth.php","meta":{"_acf_changed":false,"footnotes":""},"class_list":["post-16","page","type-page","status-publish","hentry"],"acf":[],"aioseo_notices":[],"_links":{"self":[{"href":"https:\/\/www.heattec.nl\/de\/wp-json\/wp\/v2\/pages\/16","targetHints":{"allow":["GET"]}}],"collection":[{"href":"https:\/\/www.heattec.nl\/de\/wp-json\/wp\/v2\/pages"}],"about":[{"href":"https:\/\/www.heattec.nl\/de\/wp-json\/wp\/v2\/types\/page"}],"author":[{"embeddable":true,"href":"https:\/\/www.heattec.nl\/de\/wp-json\/wp\/v2\/users\/1"}],"replies":[{"embeddable":true,"href":"https:\/\/www.heattec.nl\/de\/wp-json\/wp\/v2\/comments?post=16"}],"version-history":[{"count":11,"href":"https:\/\/www.heattec.nl\/de\/wp-json\/wp\/v2\/pages\/16\/revisions"}],"predecessor-version":[{"id":2378,"href":"https:\/\/www.heattec.nl\/de\/wp-json\/wp\/v2\/pages\/16\/revisions\/2378"}],"up":[{"embeddable":true,"href":"https:\/\/www.heattec.nl\/de\/wp-json\/wp\/v2\/pages\/12"}],"wp:attachment":[{"href":"https:\/\/www.heattec.nl\/de\/wp-json\/wp\/v2\/media?parent=16"}],"curies":[{"name":"wp","href":"https:\/\/api.w.org\/{rel}","templated":true}]}}