{"id":12,"date":"2016-10-22T14:02:47","date_gmt":"2016-10-22T14:02:47","guid":{"rendered":"https:\/\/www.heattec.nl\/de\/?page_id=12"},"modified":"2022-05-15T09:50:31","modified_gmt":"2022-05-15T09:50:31","slug":"ofenanlagen","status":"publish","type":"page","link":"https:\/\/www.heattec.nl\/de\/ofenanlagen\/","title":{"rendered":"Ofenanlagen"},"content":{"rendered":"<div class=\"wpb-content-wrapper\">[vc_row][vc_column width=&#8221;1\/6&#8243;][\/vc_column][vc_column width=&#8221;2\/3&#8243;][vc_custom_heading text=&#8221;Lieferprogramm&#8221; font_container=&#8221;tag:h2|text_align:center&#8221; use_theme_fonts=&#8221;yes&#8221;][vc_column_text]Das Lieferprogramm von Heattec umfasst Ofenanlagen f\u00fcr die Lebensmittelindustrie, Glasindustrie, Metallindustrie, Kunststoffindustrie, Pulverbeschichtungsindustrie und Bandtrockner f\u00fcr verschiedene Trocknungsprozesse.[\/vc_column_text][\/vc_column][vc_column width=&#8221;1\/6&#8243;][\/vc_column][\/vc_row][vc_row][vc_column][vc_separator color=&#8221;custom&#8221; accent_color=&#8221;#fc631f&#8221;][\/vc_column][\/vc_row][vc_row equal_height=&#8221;yes&#8221; content_placement=&#8221;middle&#8221;][vc_column width=&#8221;2\/3&#8243;][vc_custom_heading text=&#8221;Lebensmittelindustrie&#8221; use_theme_fonts=&#8221;yes&#8221;][vc_column_text]\n<ul class=\"levering_list\">\n<li>Elektrische und gasbeheizte Infrarot-Durchlauf\u00f6fen zum Backen, Grillen und Kochen von Lebensmitteln.<\/li>\n<li>Elektrische und gasbeheizte Hei\u00dfluftofen zum Trocknen, Backen und Kochen von Lebensmitteln.<\/li>\n<li>Braukessel Brauereien.<\/li>\n<\/ul>\n[\/vc_column_text][\/vc_column][vc_column width=&#8221;1\/3&#8243;][vc_images_carousel images=&#8221;201,203,202&#8243; img_size=&#8221;365&#215;273&#8243;][\/vc_column][\/vc_row][vc_row][vc_column][vc_separator color=&#8221;custom&#8221; accent_color=&#8221;#fc631f&#8221;][\/vc_column][\/vc_row][vc_row equal_height=&#8221;yes&#8221; content_placement=&#8221;middle&#8221;][vc_column width=&#8221;2\/3&#8243;][vc_custom_heading text=&#8221;Glasindustrie&#8221; use_theme_fonts=&#8221;yes&#8221;][vc_column_text]\n<ul class=\"levering_list\">\n<li>Mit Gas und elektrisch beheizte Infrarot-Glasbiege\u00f6fen<\/li>\n<li>Glask\u00fchl\u00f6fen und Heat-soak-\u00d6fen zur &#8220;discontinue&#8221;- Produktion des spannungsfreien Gl\u00fchens von Glasprodukten<\/li>\n<li>Glasschmelz\u00f6fen, &#8220;discontinue&#8221;- Produktion f\u00fcr gewerbliche Industrien<\/li>\n<li>Dekorations-Kammer\u00f6fen f\u00fcr das Einbrennen von Dekorationen auf Glasprodukten<\/li>\n<li>Folien-Laminier\u00f6fen f\u00fcr das Vakuum-Laminieren von Glas- und Trockenschr\u00e4nken zur gegen Feuchtigkeit gesch\u00fctzten Aufbewahrung von Laminierfolien<\/li>\n<li>Matrize-Vorheiz\u00f6fen<\/li>\n<\/ul>\n[\/vc_column_text][\/vc_column][vc_column width=&#8221;1\/3&#8243;][vc_images_carousel images=&#8221;205,204,206&#8243; img_size=&#8221;365&#215;273&#8243;][\/vc_column][\/vc_row][vc_row][vc_column][vc_raw_html]JTVCc3VfdGFibGUlNUQlMEElM0N0YWJsZSUyMGNsYXNzJTNEJTIybGV2ZXJpbmdlbl90YWJsZSUyMiUzRSUwQSUzQ3Rib2R5JTNFJTBBJTNDdHIlM0UlMEElM0N0ZCUyMGNvbHNwYW4lM0QlMjI3JTIyJTNFJTBBJTNDaDIlM0VTdGFuZGFyZGF1c2YlQzMlQkNocnVuZyUyMGRlciUyMGdhc2JlaGVpenRlbiUyMEluZnJhcm90LUdsYXNiaWVnZSVDMyVCNmZlbiUzQyUyRmgyJTNFJTBBJTNDJTJGdGQlM0UlMEElM0MlMkZ0ciUzRSUwQSUzQ3RyJTNFJTBBJTNDdGQlMjBzdHlsZSUzRCUyMmJhY2tncm91bmQtY29sb3IlM0ElMjAlMjNhMWExYTElM0IlMjIlM0UlM0MlMkZ0ZCUzRSUwQSUzQ3RkJTIwc3R5bGUlM0QlMjJiYWNrZ3JvdW5kLWNvbG9yJTNBJTIwJTIzYTFhMWExJTNCJTIyJTIwY29sc3BhbiUzRCUyMjQlMjIlM0UlM0NiJTNFQWJtZXNzdW5nZW4lMjBpbm5lbiUyQSUzQyUyRmIlM0UlM0MlMkZ0ZCUzRSUwQSUzQ3RkJTIwc3R5bGUlM0QlMjJiYWNrZ3JvdW5kLWNvbG9yJTNBJTIwJTIzYTFhMWExJTNCJTIyJTIwY29sc3BhbiUzRCUyMjIlMjIlM0UlM0NiJTNFR2FzdmVyYnJhdWNoJTNDJTJGYiUzRSUzQyUyRnRkJTNFJTBBJTNDJTJGdHIlM0UlMEElM0N0ciUzRSUwQSUzQ3RkJTNFJTNDc3Ryb25nJTNFVHlwZSUzQyUyRnN0cm9uZyUzRSUzQyUyRnRkJTNFJTBBJTNDdGQlM0UlM0NzdHJvbmclM0VCcmVpdGUlMjAlMjhtbSUyOSUzQyUyRnN0cm9uZyUzRSUzQyUyRnRkJTNFJTBBJTNDdGQlM0UlM0NzdHJvbmclM0VMJUMzJUE0bmdlJTIwJTI4bW0lMjklM0MlMkZzdHJvbmclM0UlM0MlMkZ0ZCUzRSUwQSUzQ3RkJTNFJTNDc3Ryb25nJTNFSCVDMyVCNmhlJTIwJTI4bW0lMjklM0MlMkZzdHJvbmclM0UlM0MlMkZ0ZCUzRSUwQSUzQ3RkJTNFJTNDc3Ryb25nJTNFS2FwYXppdCVDMyVBNHQlMjAlMjhrVyUyOSUzQyUyRnN0cm9uZyUzRSUzQyUyRnRkJTNFJTBBJTNDdGQlM0UlM0NzdHJvbmclM0VFcmRnYXMlMjAlMjhtMyUyRnUlMjklM0MlMkZzdHJvbmclM0UlM0MlMkZ0ZCUzRSUwQSUzQ3RkJTNFJTNDc3Ryb25nJTNFUHJvcGFuZ2FzJTIwJTI4a2clMkZ1JTI5JTNDJTJGc3Ryb25nJTNFJTNDJTJGdGQlM0UlMEElM0MlMkZ0ciUzRSUwQSUzQ3RyJTNFJTBBJTNDdGQlM0VHTCUyMDE1LjE1JTNDJTJGdGQlM0UlMEElM0N0ZCUzRTE1MDAlM0MlMkZ0ZCUzRSUwQSUzQ3RkJTNFMTUwMCUzQyUyRnRkJTNFJTBBJTNDdGQlM0U0MDAlMkY2MDAlMkY4MDAlM0MlMkZ0ZCUzRSUwQSUzQ3RkJTNFNTglM0MlMkZ0ZCUzRSUwQSUzQ3RkJTNFNiUyQzMlM0MlMkZ0ZCUzRSUwQSUzQ3RkJTNFNCUyQzIlM0MlMkZ0ZCUzRSUwQSUzQyUyRnRyJTNFJTBBJTNDdHIlM0UlMEElM0N0ZCUzRUdMJTIwMTUuMjAlM0MlMkZ0ZCUzRSUwQSUzQ3RkJTNFMTUwMCUzQyUyRnRkJTNFJTBBJTNDdGQlM0UyMDAwJTNDJTJGdGQlM0UlMEElM0N0ZCUzRTQwMCUyRjYwMCUyRjgwMCUzQyUyRnRkJTNFJTBBJTNDdGQlM0U3OCUzQyUyRnRkJTNFJTBBJTNDdGQlM0U4JTJDNCUzQyUyRnRkJTNFJTBBJTNDdGQlM0U1JTJDNiUzQyUyRnRkJTNFJTBBJTNDJTJGdHIlM0UlMEElM0N0ciUzRSUwQSUzQ3RkJTNFR0wlMjAxNS4yNSUzQyUyRnRkJTNFJTBBJTNDdGQlM0UxNTAwJTNDJTJGdGQlM0UlMEElM0N0ZCUzRTI1MDAlM0MlMkZ0ZCUzRSUwQSUzQ3RkJTNFNDAwJTJGNjAwJTJGODAwJTNDJTJGdGQlM0UlMEElM0N0ZCUzRTk3JTNDJTJGdGQlM0UlMEElM0N0ZCUzRTEwJTJDNSUzQyUyRnRkJTNFJTBBJTNDdGQlM0U3JTJDMCUzQyUyRnRkJTNFJTBBJTNDJTJGdHIlM0UlMEElM0N0ciUzRSUwQSUzQ3RkJTNFR0wlMjAxNS4zMCUzQyUyRnRkJTNFJTBBJTNDdGQlM0UxNTAwJTNDJTJGdGQlM0UlMEElM0N0ZCUzRTMwMDAlM0MlMkZ0ZCUzRSUwQSUzQ3RkJTNFNDAwJTJGNjAwJTJGODAwJTNDJTJGdGQlM0UlMEElM0N0ZCUzRTExNyUzQyUyRnRkJTNFJTBBJTNDdGQlM0UxMiUyQzUlM0MlMkZ0ZCUzRSUwQSUzQ3RkJTNFOCUyQzQlM0MlMkZ0ZCUzRSUwQSUzQyUyRnRyJTNFJTBBJTNDdHIlM0UlMEElM0N0ZCUzRUdMJTIwMjAuMzAlM0MlMkZ0ZCUzRSUwQSUzQ3RkJTNFMjAwMCUzQyUyRnRkJTNFJTBBJTNDdGQlM0UzMDAwJTNDJTJGdGQlM0UlMEElM0N0ZCUzRTQwMCUyRjYwMCUyRjgwMCUzQyUyRnRkJTNFJTBBJTNDdGQlM0UxNTYlM0MlMkZ0ZCUzRSUwQSUzQ3RkJTNFMTclMkMwJTNDJTJGdGQlM0UlMEElM0N0ZCUzRTExJTJDMiUzQyUyRnRkJTNFJTBBJTNDJTJGdHIlM0UlMEElM0N0ciUzRSUwQSUzQ3RkJTNFR0wlMjAyNS40MCUzQyUyRnRkJTNFJTBBJTNDdGQlM0UyNTAwJTNDJTJGdGQlM0UlMEElM0N0ZCUzRTQwMDAlM0MlMkZ0ZCUzRSUwQSUzQ3RkJTNFNDAwJTJGNjAwJTJGODAwJTNDJTJGdGQlM0UlMEElM0N0ZCUzRTI2MCUzQyUyRnRkJTNFJTBBJTNDdGQlM0UyOCUyQzAlM0MlMkZ0ZCUzRSUwQSUzQ3RkJTNFMTklMkMwJTNDJTJGdGQlM0UlMEElM0MlMkZ0ciUzRSUwQSUzQ3RyJTNFJTBBJTNDdGQlM0VHTCUyMDMwLjQwJTNDJTJGdGQlM0UlMEElM0N0ZCUzRTMwMDAlM0MlMkZ0ZCUzRSUwQSUzQ3RkJTNFNDAwMCUzQyUyRnRkJTNFJTBBJTNDdGQlM0U0MDAlMkY2MDAlMkY4MDAlM0MlMkZ0ZCUzRSUwQSUzQ3RkJTNFMzEyJTNDJTJGdGQlM0UlMEElM0N0ZCUzRTMzJTJDNSUzQyUyRnRkJTNFJTBBJTNDdGQlM0UyMiUyQzUlM0MlMkZ0ZCUzRSUwQSUzQyUyRnRyJTNFJTBBJTNDdHIlM0UlMEElM0N0ZCUyMGNvbHNwYW4lM0QlMjI3JTIyJTNFJTJBJTIwQW5kZXJlJTIwQWJtZXNzdW5nZW4lMjBzaW5kJTIwYXVmJTIwQW5mcmFnZSUyMGxpZWZlcmJhciUzQyUyRnRkJTNFJTBBJTNDJTJGdHIlM0UlMEElM0MlMkZ0Ym9keSUzRSUwQSUzQyUyRnRhYmxlJTNFJTBBJTVCJTJGc3VfdGFibGUlNUQ=[\/vc_raw_html][\/vc_column][\/vc_row][vc_row][vc_column][vc_separator color=&#8221;custom&#8221; accent_color=&#8221;#fc631f&#8221;][\/vc_column][\/vc_row][vc_row equal_height=&#8221;yes&#8221; content_placement=&#8221;middle&#8221;][vc_column width=&#8221;2\/3&#8243;][vc_custom_heading text=&#8221;Metall-Industrie&#8221; use_theme_fonts=&#8221;yes&#8221;][vc_column_text]\n<ul class=\"levering_list\">\n<li>Mit Gas oder elektrisch beheizte Kammer-, Schacht-, Glocken- und Wagen\u00f6fen zur W\u00e4rmebehandlung von Metallprodukten, wie z.b. Gl\u00fchen, H\u00e4rten, Nitrieren, Karbonieren.<\/li>\n<li>Mit Gas oder elektrisch beheizte Industrie\u00f6fen zum Trocknen, Einbrennen und Konservierung von Metallen, Kunststoffen und Kompositen.<\/li>\n<li>Industrielle Trocken\u00f6fen f\u00fcr Pulvercoat-Oberfl\u00e4chenindustrie und das Trocknen von lacken, Produkte mit Solventen und Entfernen von Feuchtigkeiten<\/li>\n<li>Vorw\u00e4rme\u00f6fen f\u00fcr Matrizen f\u00fcr den Aluminiumextrusions-Prozess<\/li>\n<li>Alterungs-\u00d6fen f\u00fcr die Aluminiumindustrie<\/li>\n<li>Salzbad-\u00d6fen<\/li>\n<li>Pyrolyse-\u00d6fen und \u00d6fen f\u00fcr thermische Reinigung<\/li>\n<li>&#8220;Walking-Beam&#8221;-\u00d6fen f\u00fcr das Schmieden, H\u00e4rten usw.<\/li>\n<li>Schmelz\u00f6fen f\u00fcr das Schmelzen von Bronze, Gusseisen\u00a0oder Aluminium<\/li>\n<li>Gasbeheizte Infrarot-Vor- und Nachtrockner zur Oberfl\u00e4chenbehandlung von Stahlprofilen und -platten.<\/li>\n<\/ul>\n[\/vc_column_text][\/vc_column][vc_column width=&#8221;1\/3&#8243;][vc_images_carousel images=&#8221;208,209,207&#8243; img_size=&#8221;365&#215;273&#8243;][\/vc_column][\/vc_row][vc_row][vc_column][vc_separator color=&#8221;custom&#8221; accent_color=&#8221;#fc631f&#8221;][\/vc_column][\/vc_row][vc_row equal_height=&#8221;yes&#8221; content_placement=&#8221;middle&#8221;][vc_column width=&#8221;2\/3&#8243;][vc_custom_heading text=&#8221;Kunststoffindustrie&#8221; use_theme_fonts=&#8221;yes&#8221;][vc_column_text]\n<ul class=\"levering_list\">\n<li>Trockenofeninstallationen, mit Gas oder elektrisch beheizt: f\u00fcr das Trocknen\/Entgasen von Kunststoffen und Polyester<\/li>\n<li>Infrarot-Brennerpaneele f\u00fcr das Thermo-Modellieren von Kunststoffen<\/li>\n<li>Alterung Back\u00f6fen<\/li>\n<li>Infrarot-Brenner-Panels f\u00fcr das Thermoformen von Kunststoffen<\/li>\n<\/ul>\n[\/vc_column_text][\/vc_column][vc_column width=&#8221;1\/3&#8243;][vc_images_carousel images=&#8221;210,212,211&#8243; img_size=&#8221;365&#215;273&#8243;][\/vc_column][\/vc_row][vc_row][vc_column][vc_separator color=&#8221;custom&#8221; accent_color=&#8221;#fc631f&#8221;][\/vc_column][\/vc_row][vc_row equal_height=&#8221;yes&#8221; content_placement=&#8221;middle&#8221;][vc_column width=&#8221;2\/3&#8243;][vc_custom_heading text=&#8221;Keramikindustrie&#8221; use_theme_fonts=&#8221;yes&#8221;][vc_column_text]Heattec entwickelt und fertigt Tunneltrockner, die zum Trocknen von Tinte im Digitaldruck, Siebdruck und Transferdruck auf Textilien, Glas, Porzellan und Metall verwendet werden k\u00f6nnen. Die Durchlauftrockner k\u00f6nnen auch f\u00fcr andere W\u00e4rmebehandlungsverfahren bis 250\u00b0C eingesetzt werden.[\/vc_column_text][\/vc_column][vc_column width=&#8221;1\/3&#8243;][vc_images_carousel images=&#8221;2372,2373,2374&#8243; img_size=&#8221;365&#215;273&#8243;][\/vc_column][\/vc_row][vc_row][vc_column][vc_separator color=&#8221;custom&#8221; accent_color=&#8221;#fc631f&#8221;][\/vc_column][\/vc_row][vc_row equal_height=&#8221;yes&#8221; content_placement=&#8221;middle&#8221;][vc_column width=&#8221;1\/6&#8243;][\/vc_column][vc_column width=&#8221;2\/3&#8243;][vc_column_text]Das Lieferpaket von Heattec endet nicht mit Ofeninstallationen f\u00fcr die oben genannten Branchen und Anwendungen. Wir haben auch eine gro\u00dfe Auswahl an Ofen-, Brenner- und\/oder Fackelanlagen f\u00fcr spezifische Prozesse in unserem Paket. Unsere St\u00e4rke liegt in der Bereitstellung ma\u00dfgeschneiderter L\u00f6sungen. Ben\u00f6tigen Sie Beratung oder haben Sie Fragen? Kontaktieren Sie uns \u00fcber den unten stehenden Button.[\/vc_column_text][vc_btn title=&#8221;Kontakt&#8221; style=&#8221;flat&#8221; shape=&#8221;round&#8221; color=&#8221;warning&#8221; align=&#8221;center&#8221; link=&#8221;url:https%3A%2F%2Fwww.heattec.nl%2Fde%2Fuber-uns%2F|title:Kontakt&#8221;][\/vc_column][vc_column width=&#8221;1\/6&#8243;][\/vc_column][\/vc_row]\n<\/div>","protected":false},"excerpt":{"rendered":"<p>[vc_row][vc_column width=&#8221;1\/6&#8243;][\/vc_column][vc_column width=&#8221;2\/3&#8243;][vc_custom_heading text=&#8221;Lieferprogramm&#8221; font_container=&#8221;tag:h2|text_align:center&#8221; use_theme_fonts=&#8221;yes&#8221;][vc_column_text]Das Lieferprogramm von Heattec umfasst Ofenanlagen f\u00fcr die Lebensmittelindustrie, Glasindustrie, Metallindustrie, Kunststoffindustrie, Pulverbeschichtungsindustrie und Bandtrockner f\u00fcr verschiedene Trocknungsprozesse.[\/vc_column_text][\/vc_column][vc_column width=&#8221;1\/6&#8243;][\/vc_column][\/vc_row][vc_row][vc_column][vc_separator color=&#8221;custom&#8221; accent_color=&#8221;#fc631f&#8221;][\/vc_column][\/vc_row][vc_row equal_height=&#8221;yes&#8221; content_placement=&#8221;middle&#8221;][vc_column width=&#8221;2\/3&#8243;][vc_custom_heading text=&#8221;Lebensmittelindustrie&#8221; use_theme_fonts=&#8221;yes&#8221;][vc_column_text] Elektrische und gasbeheizte Infrarot-Durchlauf\u00f6fen zum Backen, Grillen und Kochen von Lebensmitteln. Elektrische und gasbeheizte Hei\u00dfluftofen zum Trocknen, Backen und [&hellip;]<\/p>\n","protected":false},"author":1,"featured_media":0,"parent":0,"menu_order":0,"comment_status":"closed","ping_status":"closed","template":"page-fullwidth.php","meta":{"_acf_changed":false,"footnotes":""},"class_list":["post-12","page","type-page","status-publish","hentry"],"acf":[],"aioseo_notices":[],"_links":{"self":[{"href":"https:\/\/www.heattec.nl\/de\/wp-json\/wp\/v2\/pages\/12","targetHints":{"allow":["GET"]}}],"collection":[{"href":"https:\/\/www.heattec.nl\/de\/wp-json\/wp\/v2\/pages"}],"about":[{"href":"https:\/\/www.heattec.nl\/de\/wp-json\/wp\/v2\/types\/page"}],"author":[{"embeddable":true,"href":"https:\/\/www.heattec.nl\/de\/wp-json\/wp\/v2\/users\/1"}],"replies":[{"embeddable":true,"href":"https:\/\/www.heattec.nl\/de\/wp-json\/wp\/v2\/comments?post=12"}],"version-history":[{"count":15,"href":"https:\/\/www.heattec.nl\/de\/wp-json\/wp\/v2\/pages\/12\/revisions"}],"predecessor-version":[{"id":2375,"href":"https:\/\/www.heattec.nl\/de\/wp-json\/wp\/v2\/pages\/12\/revisions\/2375"}],"wp:attachment":[{"href":"https:\/\/www.heattec.nl\/de\/wp-json\/wp\/v2\/media?parent=12"}],"curies":[{"name":"wp","href":"https:\/\/api.w.org\/{rel}","templated":true}]}}