{"id":10,"date":"2016-10-22T13:55:41","date_gmt":"2016-10-22T13:55:41","guid":{"rendered":"https:\/\/www.heattec.nl\/de\/?page_id=10"},"modified":"2023-01-16T01:22:50","modified_gmt":"2023-01-16T01:22:50","slug":"elektroheizung","status":"publish","type":"page","link":"https:\/\/www.heattec.nl\/de\/elektroheizung\/","title":{"rendered":"Elektroheizung"},"content":{"rendered":"<div id=\"pl-10\"  class=\"panel-layout\" ><div id=\"pg-10-0\"  class=\"panel-grid panel-no-style\" ><div id=\"pgc-10-0-0\"  class=\"panel-grid-cell\" ><div id=\"panel-10-0-0-0\" class=\"so-panel widget widget_sow-editor panel-first-child panel-last-child\" data-index=\"0\" ><div\n\t\t\t\n\t\t\tclass=\"so-widget-sow-editor so-widget-sow-editor-base\"\n\t\t\t\n\t\t>\n<div class=\"siteorigin-widget-tinymce textwidget\">\n\t<div id=\"panel-592-0-0-0\" class=\"so-panel widget widget_sow-editor panel-first-child\" data-index=\"0\">\n<div class=\"so-widget-sow-editor so-widget-sow-editor-base\">\n<div class=\"siteorigin-widget-tinymce textwidget\">\n<p>Heattec B.V. kann Sie auch mit alle Ihren Fragen auf dem Gebiet der Elektrowarme beistehen. Heattec hat viele technische L\u00f6sungen in diesem Bereich im Hause. Unser Lieferumfang umfasst unter anderem:<\/p>\n<\/div>\n<\/div>\n<\/div>\n<\/div>\n<\/div><\/div><\/div><\/div><div id=\"pg-10-1\"  class=\"panel-grid panel-no-style\" ><div id=\"pgc-10-1-0\"  class=\"panel-grid-cell\" ><div id=\"panel-10-1-0-0\" class=\"so-panel widget widget_sow-editor panel-first-child panel-last-child\" data-index=\"1\" ><div class=\"grey-box panel-widget-style panel-widget-style-for-10-1-0-0\" ><div\n\t\t\t\n\t\t\tclass=\"so-widget-sow-editor so-widget-sow-editor-base\"\n\t\t\t\n\t\t>\n<div class=\"siteorigin-widget-tinymce textwidget\">\n\t<div class=\"elektro_links\">\n<h2 style=\"text-align: left;\">Draht Elemente<\/h2>\n<p style=\"text-align: left;\">Draht Elemente nach Kundenwunsch fabriziert in der eigenen Werkstatt, Widerstand Draht Elemente gewickelt in speziellen Legierungen, diesem Elementen werten eingesetzt im Ofenbau und Sonderanlagen.<\/p>\n<\/div>\n<\/div>\n<\/div><\/div><\/div><\/div><div id=\"pgc-10-1-1\"  class=\"panel-grid-cell\" ><div id=\"panel-10-1-1-0\" class=\"so-panel widget widget_sow-editor panel-first-child panel-last-child\" data-index=\"2\" ><div class=\"grey-box panel-widget-style panel-widget-style-for-10-1-1-0\" ><div\n\t\t\t\n\t\t\tclass=\"so-widget-sow-editor so-widget-sow-editor-base\"\n\t\t\t\n\t\t>\n<div class=\"siteorigin-widget-tinymce textwidget\">\n\t<div class=\"elektro_links\">\n<h2 style=\"text-align: left;\">Rohrheizk\u00f6rper<\/h2>\n<p style=\"text-align: left;\">Rohrheizk\u00f6rper sind metallummantelte Heizelementen mit einem breiten Anwendungsbereich. Durch die gute Verformbarkeit k\u00f6nnen diese Heizelemente an den jeweiligen Anwendungfall angepasst werden. Rohr Elemente in verschiedenen Ausf\u00fchrungen und auch Kunden Spezifikationen, diese Elemente werten in verschiedenen Heizsystemen f\u00fcr die Erw\u00e4rmung von Fl\u00fcssigkeiten und Gasen eingesetzt.<\/p>\n<\/div>\n<\/div>\n<\/div><\/div><\/div><\/div><\/div><div id=\"pg-10-2\"  class=\"panel-grid panel-no-style\" ><div id=\"pgc-10-2-0\"  class=\"panel-grid-cell\" ><div id=\"panel-10-2-0-0\" class=\"so-panel widget widget_sow-editor panel-first-child panel-last-child\" data-index=\"3\" ><div class=\"grey-box panel-widget-style panel-widget-style-for-10-2-0-0\" ><div\n\t\t\t\n\t\t\tclass=\"so-widget-sow-editor so-widget-sow-editor-base\"\n\t\t\t\n\t\t>\n<div class=\"siteorigin-widget-tinymce textwidget\">\n\t<div class=\"elektro_links\">\n<h2 style=\"text-align: left;\">Infrarot Strahlungselemente<\/h2>\n<p style=\"text-align: left;\">Diese Strahlung Elemente unterschieden sich durch eine hohe Leistungsdichte in Verbindung mit einem sehr schnelle Aufw\u00e4rm-Zeit und sind daher sehr gut geeignet f\u00fcr verschiedene Anwendungen unter anderem f\u00fcr Trockenen-Prozessen.<\/p>\n<\/div>\n<\/div>\n<\/div><\/div><\/div><\/div><div id=\"pgc-10-2-1\"  class=\"panel-grid-cell\" ><div id=\"panel-10-2-1-0\" class=\"so-panel widget widget_sow-editor panel-first-child panel-last-child\" data-index=\"4\" ><div class=\"grey-box panel-widget-style panel-widget-style-for-10-2-1-0\" ><div\n\t\t\t\n\t\t\tclass=\"so-widget-sow-editor so-widget-sow-editor-base\"\n\t\t\t\n\t\t>\n<div class=\"siteorigin-widget-tinymce textwidget\">\n\t<div class=\"elektro_links\">\n<h2 style=\"text-align: left;\">MoSi2 - Silicon Carbide Elemente<\/h2>\n<p style=\"text-align: left;\">Diese Heizelemente werden f\u00fcr verschiedenen Prozesse und Anwendungen eingesetzt, bis einer maximalen Temperatur von 1.800 \u00b0 C.<\/p>\n<\/div>\n<\/div>\n<\/div><\/div><\/div><\/div><\/div><div id=\"pg-10-3\"  class=\"panel-grid panel-no-style\" ><div id=\"pgc-10-3-0\"  class=\"panel-grid-cell\" ><div id=\"panel-10-3-0-0\" class=\"so-panel widget widget_sow-editor panel-first-child panel-last-child\" data-index=\"5\" ><div class=\"grey-box panel-widget-style panel-widget-style-for-10-3-0-0\" ><div\n\t\t\t\n\t\t\tclass=\"so-widget-sow-editor so-widget-sow-editor-base\"\n\t\t\t\n\t\t>\n<div class=\"siteorigin-widget-tinymce textwidget\">\n\t<div class=\"elektro_links\">\n<h2 style=\"text-align: left;\">Heizkabel<\/h2>\n<p style=\"text-align: left;\">Heattec bietet einem vollst\u00e4ndige Palette von Heizkabel, -B\u00e4nder, -Bleche und \u2013Platten usw.<\/p>\n<\/div>\n<\/div>\n<\/div><\/div><\/div><\/div><div id=\"pgc-10-3-1\"  class=\"panel-grid-cell\" ><div id=\"panel-10-3-1-0\" class=\"so-panel widget widget_sow-editor panel-first-child panel-last-child\" data-index=\"6\" ><div class=\"grey-box panel-widget-style panel-widget-style-for-10-3-1-0\" ><div\n\t\t\t\n\t\t\tclass=\"so-widget-sow-editor so-widget-sow-editor-base\"\n\t\t\t\n\t\t>\n<div class=\"siteorigin-widget-tinymce textwidget\">\n\t<div class=\"elektro_links\">\n<h2 style=\"text-align: left;\">Hochleistungs-Heizpatronen<\/h2>\n<p style=\"text-align: left;\">Diesem Elemente sich durch eine gro\u00dfe W\u00e4rmemenge pro Fl\u00e4cheneinheit geeignet f\u00fcr die verschiede Prozesse in der Kunststoff- und Gummi-Industrie und werten auch verwendet f\u00fcr Labor-Anwendungen<\/p>\n<\/div>\n<\/div>\n<\/div><\/div><\/div><\/div><\/div><div id=\"pg-10-4\"  class=\"panel-grid panel-no-style\" ><div id=\"pgc-10-4-0\"  class=\"panel-grid-cell\" ><div id=\"panel-10-4-0-0\" class=\"so-panel widget widget_sow-editor panel-first-child panel-last-child\" data-index=\"7\" ><div class=\"grey-box panel-widget-style panel-widget-style-for-10-4-0-0\" ><div\n\t\t\t\n\t\t\tclass=\"so-widget-sow-editor so-widget-sow-editor-base\"\n\t\t\t\n\t\t>\n<div class=\"siteorigin-widget-tinymce textwidget\">\n\t<div class=\"elektro_links\">\n<h2 style=\"text-align: left;\">Elektrische W\u00e4rmetauscher<\/h2>\n<p style=\"text-align: left;\">Wir bieten Ihnen Kundenspezifische L\u00f6sungen die durch individuelle Entwickelung zu Stande kommen um darnach schnell und kosteng\u00fcnstig f\u00fcr Sie zu fabrizieren sind.<\/p>\n<\/div>\n<\/div>\n<\/div><\/div><\/div><\/div><div id=\"pgc-10-4-1\"  class=\"panel-grid-cell\" ><div id=\"panel-10-4-1-0\" class=\"so-panel widget widget_sow-editor panel-first-child panel-last-child\" data-index=\"8\" ><div class=\"grey-box panel-widget-style panel-widget-style-for-10-4-1-0\" ><div\n\t\t\t\n\t\t\tclass=\"so-widget-sow-editor so-widget-sow-editor-base\"\n\t\t\t\n\t\t>\n<div class=\"siteorigin-widget-tinymce textwidget\">\n\t<div class=\"elektro_links\">\n<h2 style=\"text-align: left;\">Regeln und \u00dcberwachungs- Systemen<\/h2>\n<p style=\"text-align: left;\">Regeln und \u00dcberwachungs- Systemen f\u00fcr Zuverl\u00e4ssigen Regelung Ihre Elektroheizung Systemen. Wir bieten Ihnen Einzelkomponenten oder Komplettl\u00f6sungen vom Sensor bis zur Elektronik.<\/p>\n<\/div>\n<\/div>\n<\/div><\/div><\/div><\/div><\/div><div id=\"pg-10-5\"  class=\"panel-grid panel-no-style\" ><div id=\"pgc-10-5-0\"  class=\"panel-grid-cell\" ><div id=\"panel-10-5-0-0\" class=\"so-panel widget widget_sow-editor panel-first-child panel-last-child\" data-index=\"9\" ><div class=\"footer-block panel-widget-style panel-widget-style-for-10-5-0-0\" ><div\n\t\t\t\n\t\t\tclass=\"so-widget-sow-editor so-widget-sow-editor-base\"\n\t\t\t\n\t\t>\n<div class=\"siteorigin-widget-tinymce textwidget\">\n\t<h1>Besuchen Sie unsere Web-Shop mit einer Auswahl von Heizelementen<\/h1>\n<p><a href=\"https:\/\/www.heattec-webshop.de\/electric-heating\" class=\"call-to-action\"><br \/>\n<button class=\"animate-plus animated fadeIn\" data-animations=\"fadeIn\" data-animation-when-visible=\"true\" data-animation-delay=\"0.2s\" data-animation-group=\"_1\" style=\"display: inline-block; animation-delay: 0.2s;\">Gehen Sie auf die Webseite<\/button><\/a><\/p>\n<\/div>\n<\/div><\/div><\/div><\/div><\/div><\/div>","protected":false},"excerpt":{"rendered":"<p>Heattec B.V. kann Sie auch mit alle Ihren Fragen auf dem Gebiet der Elektrowarme beistehen. Heattec hat viele technische L\u00f6sungen in diesem Bereich im Hause. Unser Lieferumfang umfasst unter anderem: Draht Elemente Draht Elemente nach Kundenwunsch fabriziert in der eigenen Werkstatt, Widerstand Draht Elemente gewickelt in speziellen Legierungen, diesem Elementen [&hellip;]<\/p>\n","protected":false},"author":1,"featured_media":0,"parent":0,"menu_order":0,"comment_status":"closed","ping_status":"closed","template":"page-fullwidth.php","meta":{"_acf_changed":false,"footnotes":""},"class_list":["post-10","page","type-page","status-publish","hentry"],"acf":[],"aioseo_notices":[],"_links":{"self":[{"href":"https:\/\/www.heattec.nl\/de\/wp-json\/wp\/v2\/pages\/10","targetHints":{"allow":["GET"]}}],"collection":[{"href":"https:\/\/www.heattec.nl\/de\/wp-json\/wp\/v2\/pages"}],"about":[{"href":"https:\/\/www.heattec.nl\/de\/wp-json\/wp\/v2\/types\/page"}],"author":[{"embeddable":true,"href":"https:\/\/www.heattec.nl\/de\/wp-json\/wp\/v2\/users\/1"}],"replies":[{"embeddable":true,"href":"https:\/\/www.heattec.nl\/de\/wp-json\/wp\/v2\/comments?post=10"}],"version-history":[{"count":9,"href":"https:\/\/www.heattec.nl\/de\/wp-json\/wp\/v2\/pages\/10\/revisions"}],"predecessor-version":[{"id":95,"href":"https:\/\/www.heattec.nl\/de\/wp-json\/wp\/v2\/pages\/10\/revisions\/95"}],"wp:attachment":[{"href":"https:\/\/www.heattec.nl\/de\/wp-json\/wp\/v2\/media?parent=10"}],"curies":[{"name":"wp","href":"https:\/\/api.w.org\/{rel}","templated":true}]}}